{"id":83,"date":"2017-05-13T20:10:30","date_gmt":"2017-05-13T20:10:30","guid":{"rendered":"http:\/\/formation-danse.com\/?page_id=83"},"modified":"2019-06-04T06:59:16","modified_gmt":"2019-06-04T06:59:16","slug":"christelle-lara","status":"publish","type":"page","link":"https:\/\/www.jeuneballetdaquitaine.com\/?page_id=83","title":{"rendered":"Christelle Lara"},"content":{"rendered":"<hr \/>\n<div>Directrice Artistique du Jeune Ballet d\u2019Aquitaine, chor\u00e9graphe et p\u00e9dagogue de premier plan, Christelle Lara se forme \u00e0 l\u2019Acad\u00e9mie Bordelaise de Danse avec ma\u00eetre Paoli et devient Soliste du Ballet de l\u2019Op\u00e9ra National de Bordeaux de 1985 et 2005 sous les directions successives de Wladimir Skouratoff, Paolo Bortoluzzi, Eric Vu-An et Charles Jude. Elle travaille avec de nombreux chor\u00e9graphes, Nils Christie, Carolyn Carlson, Robert North, Joseph Lazzini, Thierry Malandain, Ted Brandsen, Douglas Dunn, Christian Holder, Margo Sappington, Luciano Cannito, Jean Charles Gil, Eug\u00e8ne Polyakov, Tit H\u00e4rm, interpr\u00e8te les grands r\u00f4les du r\u00e9pertoire et participe aux tourn\u00e9es internationales du Ballet de l\u2019Op\u00e9ra.<\/div>\n<div><\/div>\n<div>Professeur de Danse Classique dipl\u00f4m\u00e9e d\u2019\u00e9tat, elle enseigne \u00e0 l\u2019Acad\u00e9mie Bordelaise de Danse, au Centre Eurodanse de 2005 \u00e0 2010 et au Junior Ballet d\u2019Aquitaine de 2006 \u00e0 2010, sous la Direction de Daniel Agesilas, Directeur de la Danse au CNSMD de Paris. Claude Paoli lui propose la direction du Jeune Ballet d\u2019Aquitaine en 2010 au sein duquel elle fonde le Centre de formation Professionnelle en 2011.<\/div>\n<div><\/div>\n<div>Professionnelle accomplie et exp\u00e9riment\u00e9e,\u00a0 elle partage et transmet\u00a0 sa connaissance intime du m\u00e9tier d&rsquo;artiste chor\u00e9graphique &#8211; danseur interpr\u00e8te.\u00a0 Elle accompagne \u00a0les danseurs dans la construction de leur \u00a0identit\u00e9 artistique, am\u00e8ne l\u2019exigence de la danse classique aux diff\u00e9rentes techniques de la danse contemporaine et affirme l\u2019importance de la r\u00e9ciprocit\u00e9 et des inter-relations entre les diff\u00e9rentes esth\u00e9tiques. \u00a0Elle cr\u00e9e des passerelles entre la danse et d\u2019autres arts en d\u00e9veloppant de nombreux projets en lien avec les intervenants de la formation, les acteurs culturels du territoire et la communaut\u00e9 artistique.<\/div>\n<hr \/>\n<p><em>Cr\u00e9dit photo Enki Djipal<\/em><\/p>\n","protected":false},"excerpt":{"rendered":"<p>Directrice Artistique du Jeune Ballet d\u2019Aquitaine, chor\u00e9graphe et p\u00e9dagogue de premier plan, Christelle Lara se forme \u00e0 l\u2019Acad\u00e9mie Bordelaise de Danse avec ma\u00eetre Paoli et devient Soliste du Ballet de l\u2019Op\u00e9ra National de Bordeaux de 1985 et 2005 sous les directions successives de Wladimir Skouratoff, Paolo Bortoluzzi, Eric Vu-An et Charles Jude. Elle travaille avec &hellip; <\/p>\n<p class=\"link-more\"><a href=\"https:\/\/www.jeuneballetdaquitaine.com\/?page_id=83\" class=\"more-link\">Continuer la lecture<span class=\"screen-reader-text\"> de &laquo;&nbsp;Christelle Lara&nbsp;&raquo;<\/span><\/a><\/p>\n","protected":false},"author":1,"featured_media":472,"parent":0,"menu_order":0,"comment_status":"closed","ping_status":"closed","template":"","meta":[],"_links":{"self":[{"href":"https:\/\/www.jeuneballetdaquitaine.com\/index.php?rest_route=\/wp\/v2\/pages\/83"}],"collection":[{"href":"https:\/\/www.jeuneballetdaquitaine.com\/index.php?rest_route=\/wp\/v2\/pages"}],"about":[{"href":"https:\/\/www.jeuneballetdaquitaine.com\/index.php?rest_route=\/wp\/v2\/types\/page"}],"author":[{"embeddable":true,"href":"https:\/\/www.jeuneballetdaquitaine.com\/index.php?rest_route=\/wp\/v2\/users\/1"}],"replies":[{"embeddable":true,"href":"https:\/\/www.jeuneballetdaquitaine.com\/index.php?rest_route=%2Fwp%2Fv2%2Fcomments&post=83"}],"version-history":[{"count":9,"href":"https:\/\/www.jeuneballetdaquitaine.com\/index.php?rest_route=\/wp\/v2\/pages\/83\/revisions"}],"predecessor-version":[{"id":853,"href":"https:\/\/www.jeuneballetdaquitaine.com\/index.php?rest_route=\/wp\/v2\/pages\/83\/revisions\/853"}],"wp:featuredmedia":[{"embeddable":true,"href":"https:\/\/www.jeuneballetdaquitaine.com\/index.php?rest_route=\/wp\/v2\/media\/472"}],"wp:attachment":[{"href":"https:\/\/www.jeuneballetdaquitaine.com\/index.php?rest_route=%2Fwp%2Fv2%2Fmedia&parent=83"}],"curies":[{"name":"wp","href":"https:\/\/api.w.org\/{rel}","templated":true}]}}