{"id":73,"date":"2017-05-13T18:51:01","date_gmt":"2017-05-13T18:51:01","guid":{"rendered":"http:\/\/formation-danse.com\/?page_id=73"},"modified":"2023-10-30T11:59:51","modified_gmt":"2023-10-30T11:59:51","slug":"intervenants","status":"publish","type":"page","link":"https:\/\/www.jeuneballetdaquitaine.com\/?page_id=73","title":{"rendered":"Intervenants"},"content":{"rendered":"<p>Durant leurs \u00e9tudes les stagiaires sont accompagn\u00e9s et nourris dans leur recherche par l\u2019\u00e9quipe p\u00e9dagogique, compos\u00e9e de professeurs dipl\u00f4m\u00e9s et de\u00a0personnalit\u00e9s artistiques, danseurs, chor\u00e9graphes, p\u00e9dagogues issus de la fili\u00e8re professionnelle.<\/p>\n<ul>\n<li style=\"list-style-type: none;\">\n<ul>\n<li><a href=\"https:\/\/www.jeuneballetdaquitaine.com\/christelle-lara\" target=\"_blank\" rel=\"noopener\"><strong>Christelle Lara<\/strong><\/a><strong> &#8211;\u00a0<\/strong>Classique &#8211; Soliste Op\u00e9ra de Bordeaux<\/li>\n<li><strong>Fabio Crestale &#8211; <\/strong>Contemporain &#8211; Cie iFunamboli<\/li>\n<li><strong>M\u00e9lodie Cecchini et Ga\u00ebtan Boschini &#8211; <\/strong>Cie Les Schini&rsquo;s<\/li>\n<li><strong>J\u00e9r\u00e9my Alberge &#8211;<\/strong>\u00a0Cie Lamalo &#8211; Inbal Pinto &amp; Avshalom Pollak DC (Israel),\u00a0Vertigo DC,\u00a0Blanca Li.<\/li>\n<li><strong>Norton Antivilo\u00a0&#8211; <\/strong>Hip-Hop &#8211; Cie Acta est Fabula<\/li>\n<li><strong>Victor Launay &#8211; <\/strong>Contemporain &#8211; Danseur Chor\u00e9graphe &#8211; Cie Les Vikings &#8211; Belgique<\/li>\n<li><strong>Jean Alavi<\/strong> &#8211; CNSMD Paris &#8211; Contemporain<\/li>\n<li><strong>Claude Paoli<\/strong> &#8211; Classique &#8211; Fondateur du Jeune Ballet d&rsquo;Aquitaine<\/li>\n<li><strong>Isabelle Boutot<\/strong> &#8211; Classique &#8211; Soliste Internationale<\/li>\n<li><strong>Gina Buntz <\/strong>&#8211;\u00a0P\u00e9dagogue am\u00e9ricaine et chor\u00e9graphe internationale<\/li>\n<li><strong>Pascal Touzeau<\/strong> -Classique et Contemporain &#8211; Cie Alienorballet &#8211; Chor\u00e9graphe International &#8211; Soliste Ballet de Frankfort &#8211; W. Forsythe)<\/li>\n<li><strong>St\u00e9phane Mirabel<\/strong> -Jazz &#8211; Cie Mais Encore<\/li>\n<li><strong>Laura Arend<\/strong> &#8211;\u00a0Contemporain &#8211; Laboration Art Company (L.A.C)<\/li>\n<li><strong>Fanny La\u00ef<\/strong> &#8211; Contemporain<\/li>\n<li><strong>Miquel G. Font<\/strong>\u00a0&#8211; Contemporain- Habemus Corpus Dance Company<\/li>\n<li><strong>Dominique Cordemans &#8211;<\/strong>\u00a0N\u00e9o Classique &#8211; R\u00e9pertoire\/CCN Malandain Ballet Biarritz<\/li>\n<li><strong>Christophe Nicita<\/strong>\u00a0 &#8211; Classique &#8211; Soliste Op\u00e9ra de Bordeaux<\/li>\n<li><strong>Marion Renoux<\/strong> &#8211; Contemporain &#8211; Cie Corinne &#8211; Lancell Abou Lagraa<\/li>\n<li><strong>Sandra Valentini<\/strong> &#8211; Contemporain &#8211; Cie Les filles en aiguilles<\/li>\n<li><strong>Marie Siles-Segarra<\/strong> &#8211; Performance-improvisation &#8211; Danseuse- performer &#8211; Chor\u00e9graphe -p\u00e9dagogue<\/li>\n<li><strong>Julien\u00a0Desplantez<\/strong> -Contemporain- Cie Quetem<\/li>\n<li><strong>Ludovic Galvan<\/strong> &#8211;\u00a0Contemporain &#8211; Danseur (J-C. Galotta M. Kelemenis) Chor\u00e9graphe Cie Cazorla<\/li>\n<li><strong>Andr\u00e9a Sitter<\/strong> &#8211; Contemporain &#8211; Danseuse Chor\u00e9graphe- Performer<\/li>\n<li><strong>Louis Combeau<\/strong> &#8211; Contemporain &#8211; Improvisation &#8211; Cie Rosas &#8211; A-T De Keersmaeker &#8211;<\/li>\n<li><strong>Julia Moncla<\/strong>\u00a0-Contemporain Collectif A\/C<\/li>\n<li><strong>David Gernez &#8211; <\/strong>Contemporain &#8211; Danseur\/Chor\u00e9graphe &#8211;\u00a0<a href=\"https:\/\/www.adequatecie.com\/\">Cie Adequat<\/a><\/li>\n<li><strong>Julie Sicard<\/strong> &#8211; Jazz &#8211;\u00a0 Danseuse\u00a0 P. Valero-\u00a0 J.\u00a0Dombrowski, Y. Yatrides &#8211; Chor\u00e9graphe<\/li>\n<li><strong>Patrick Giraudon<\/strong> &#8211; Adage &#8211; pas de deux &#8211; Coaching &#8211; Soliste Op\u00e9ra de Bordeaux<\/li>\n<li><strong>Sabine Samba<\/strong> &#8211; Cie GestueLLe &#8211; Jazz<\/li>\n<li><strong>Alexandra Marion-Bombediac<\/strong> &#8211; Jazz<\/li>\n<li><strong>Margherita Oscuro<\/strong> &#8211; Jazz &#8211;\u00a0 Chanteuse &#8211; Danseuse &#8211; Chor\u00e9graphe internationale<\/li>\n<li>\u00a0<strong>Emmanuelle Damaye<\/strong> &#8211; Technique vocale\/Th\u00e9\u00e2tre &#8211;\u00a0 Cie Cocktail C &#8211;<\/li>\n<li><b>\u00a0<\/b><strong>Walig Chartrain<\/strong>\u00a0 &#8211;\u00a0Coaching sportif\u00a0 \/\u00a0Sophrologie<b>\u00a0<strong>\u00a0&#8211;\u00a0RIBSEC<\/strong><\/b><\/li>\n<li><b><\/b><strong>Dani\u00e8le Demoulin<\/strong> &#8211;\u00a0D\u00e9veloppement personnel &amp; accompagnement projet<\/li>\n<li><strong>Yves Morfouace<\/strong> &#8211; Instructeur Pilates certifi\u00e9 &#8211; M\u00e9thode Romana\u00a9<\/li>\n<li><strong>Stephane Delage<\/strong> &#8211; Di\u00e9t\u00e9tique\/micro-nutrition<\/li>\n<li><strong>Fabio Lopez<\/strong> &#8211; N\u00e9o classique &#8211; Cie Illicite<\/li>\n<li><strong>Fran\u00e7ois Mauduit<\/strong> &#8211; N\u00e9o Classique &#8211; Cie Fran\u00e7ois Mauduit<\/li>\n<li><strong>Gilles Baron<\/strong> &#8211; Cie Origami &#8211; Contemporain<\/li>\n<li><strong>Val\u00e9rie Riviere<\/strong> -Contemporain &#8211; Cie Paul Les Oiseaux<\/li>\n<li><strong>Flora Cisneros<\/strong> &#8211; Technique Graham<\/li>\n<li><strong>Christine Jeannin<\/strong> &#8211; N\u00e9o Classique &#8211; Cie The ArTist<\/li>\n<li><strong>Fran\u00e7oise Dubuc<\/strong> &#8211;\u00a0 Classique &#8211; Maitresse de Ballet &#8211; Malandain Ballet Biarritz<\/li>\n<li><strong>Lee Black<\/strong> &#8211; Jazz &#8211; Danseur Cie DCA Decoufl\u00e9 &#8211; R\u00e9gine Chopinot &#8211;\u00a0 chor\u00e9graphe &#8211; P\u00e9dagogue<\/li>\n<li><strong>Marie-Claude Deudon<\/strong> -Contemporain &#8211; Directrice du CESMD Poitiers<\/li>\n<li><strong>Amin Benassa<\/strong>\u00a0 &#8211; Hip Hop &#8211; Danseur &#8211; chor\u00e9graphe &#8211; Cie Fonky Flavor<\/li>\n<li><strong>Norbert S\u00e8nou<\/strong> &#8211; Afro-contemporain &#8211; Cie Fabre-S\u00e8nou<\/li>\n<li><strong>Caroline Fabre<\/strong> -Afro-contemporain &#8211; Cie Fabre-S\u00e8nou<\/li>\n<li><strong>Val\u00e9rie Guiton<\/strong> -Classique &#8211; Professeur<\/li>\n<li><strong>Christine Hassid<\/strong> -Contemporain &#8211; Cie CHP<\/li>\n<li><strong>Andr\u00e9 Lafonta<\/strong> -Contemporain &#8211; CNSMD Paris<\/li>\n<li><strong>C\u00e9lia Thomas<\/strong> -Contemporain &#8211;\u00a0<span style=\"font-size: 1rem;\">Grand Th\u00e9\u00e2tre de Gen\u00e8ve &#8211;\u00a0<\/span><span style=\"font-size: 1rem;\">Cie Elirale<\/span><\/li>\n<li><strong>Brice \u201cSkorpion\u201d Larrieu<\/strong> &#8211; Hip-Hop &#8211; Chor\u00e9graphe<\/li>\n<li><strong>Cyril Atanassoff<\/strong> &#8211; Danseur Etoile internationale &#8211; Classique<\/li>\n<li><strong>Corinne Barbara<\/strong> &#8211; Contemporain &#8211; Danseuse chor\u00e9graphe &#8211; Experte DRAC IdF<\/li>\n<li><strong>Robert Thomas<\/strong> &#8211; Classique &#8211; Danseur, com\u00e9dien, historien<\/li>\n<li><strong>Louis Combeau<\/strong> -Contemporain &#8211; Cie Rosas &#8211; A-T De Keersmaeker &#8211;<\/li>\n<li><strong>Lucas Viallefond<\/strong> -Contemporain &#8211; CNDC Angers &#8211; CNSMd Paris<\/li>\n<li><strong>Richard Coudray<\/strong> &#8211; N\u00e9o-Classique Ma\u00eetre de ballet \/CCN Malandain Ballet de Biarritz &#8211; Classique<\/li>\n<li><strong>Michael Cassan<\/strong> &#8211; Modern\u2019jazz &#8211; Stutio Harmonic<\/li>\n<li><strong>Julien Desplantez<\/strong> -Contemporain &#8211; Cie Quetem &#8211;<\/li>\n<li><strong>Suzanna Campo<\/strong> &#8211; Classique &#8211; Maitresse de Ballet internationale &#8211;<\/li>\n<li><strong>Fr\u00e9d\u00e9ric El Ka\u00efm<\/strong>\u00a0 &#8211; Th\u00e9\u00e2tre &#8211; Une Compagnie<\/li>\n<li><strong>Fabrice Bert\u00a0<\/strong> &#8211;\u00a0Jazz &#8211; A.I.D Paris<\/li>\n<li><strong>Auguste Ouedraogo<\/strong> &#8211; Contemporain &#8211; Cie Auguste-Bienvenue<\/li>\n<li><strong>Patrice Val\u00e9ro<\/strong> &#8211; Jazz &#8211; Cie In Vivo<\/li>\n<\/ul>\n<\/li>\n<\/ul>\n","protected":false},"excerpt":{"rendered":"<p>Durant leurs \u00e9tudes les stagiaires sont accompagn\u00e9s et nourris dans leur recherche par l\u2019\u00e9quipe p\u00e9dagogique, compos\u00e9e de professeurs dipl\u00f4m\u00e9s et de\u00a0personnalit\u00e9s artistiques, danseurs, chor\u00e9graphes, p\u00e9dagogues issus de la fili\u00e8re professionnelle. Christelle Lara &#8211;\u00a0Classique &#8211; Soliste Op\u00e9ra de Bordeaux Fabio Crestale &#8211; Contemporain &#8211; Cie iFunamboli M\u00e9lodie Cecchini et Ga\u00ebtan Boschini &#8211; Cie Les Schini&rsquo;s J\u00e9r\u00e9my &hellip; <\/p>\n<p class=\"link-more\"><a href=\"https:\/\/www.jeuneballetdaquitaine.com\/?page_id=73\" class=\"more-link\">Continuer la lecture<span class=\"screen-reader-text\"> de &laquo;&nbsp;Intervenants&nbsp;&raquo;<\/span><\/a><\/p>\n","protected":false},"author":1,"featured_media":849,"parent":0,"menu_order":0,"comment_status":"closed","ping_status":"closed","template":"","meta":[],"_links":{"self":[{"href":"https:\/\/www.jeuneballetdaquitaine.com\/index.php?rest_route=\/wp\/v2\/pages\/73"}],"collection":[{"href":"https:\/\/www.jeuneballetdaquitaine.com\/index.php?rest_route=\/wp\/v2\/pages"}],"about":[{"href":"https:\/\/www.jeuneballetdaquitaine.com\/index.php?rest_route=\/wp\/v2\/types\/page"}],"author":[{"embeddable":true,"href":"https:\/\/www.jeuneballetdaquitaine.com\/index.php?rest_route=\/wp\/v2\/users\/1"}],"replies":[{"embeddable":true,"href":"https:\/\/www.jeuneballetdaquitaine.com\/index.php?rest_route=%2Fwp%2Fv2%2Fcomments&post=73"}],"version-history":[{"count":30,"href":"https:\/\/www.jeuneballetdaquitaine.com\/index.php?rest_route=\/wp\/v2\/pages\/73\/revisions"}],"predecessor-version":[{"id":1558,"href":"https:\/\/www.jeuneballetdaquitaine.com\/index.php?rest_route=\/wp\/v2\/pages\/73\/revisions\/1558"}],"wp:featuredmedia":[{"embeddable":true,"href":"https:\/\/www.jeuneballetdaquitaine.com\/index.php?rest_route=\/wp\/v2\/media\/849"}],"wp:attachment":[{"href":"https:\/\/www.jeuneballetdaquitaine.com\/index.php?rest_route=%2Fwp%2Fv2%2Fmedia&parent=73"}],"curies":[{"name":"wp","href":"https:\/\/api.w.org\/{rel}","templated":true}]}}