{"id":653,"date":"2019-02-17T10:20:03","date_gmt":"2019-02-17T10:20:03","guid":{"rendered":"http:\/\/jeuneballetdaquitaine.com\/?page_id=653"},"modified":"2021-01-27T06:35:02","modified_gmt":"2021-01-27T06:35:02","slug":"mentions-legales","status":"publish","type":"page","link":"https:\/\/www.jeuneballetdaquitaine.com\/?page_id=653","title":{"rendered":"Mentions L\u00e9gales"},"content":{"rendered":"<hr \/>\n<p style=\"text-align: left;\"><strong>Jeune Ballet d&rsquo;Aquitaine\u00a0<\/strong><br \/>\n22, rue Reni\u00e8re<br \/>\nB.P 90002 &#8211;\u00a033037 Bordeaux cedex &#8211;\u00a0France<\/p>\n<p style=\"text-align: left;\"><strong>Association loi 1901 <\/strong><br \/>\nSiret : 517 658 753 00028 | APE : 8559B<br \/>\n<strong>Organisme de formation professionnelle<\/strong> N\u00b0 72 33 08518 33\u00a0D\u00e9clar\u00e9 aupr\u00e8s du pr\u00e9fet de region Aquitaine.<\/p>\n<p style=\"text-align: left;\">Directeur de publication : <strong>Beno\u00eet Baxerres<\/strong><br \/>\nH\u00e9bergement :<strong> IONOS 1&amp;1 Internet SARL<\/strong> &#8211;\u00a07, place de la Gare<br \/>\nB.P 70109<br \/>\n57201 Sarreguemines Cedex<br \/>\nFrance<\/p>\n<hr \/>\n","protected":false},"excerpt":{"rendered":"<p>Jeune Ballet d&rsquo;Aquitaine\u00a0 22, rue Reni\u00e8re B.P 90002 &#8211;\u00a033037 Bordeaux cedex &#8211;\u00a0France Association loi 1901 Siret : 517 658 753 00028 | APE : 8559B Organisme de formation professionnelle N\u00b0 72 33 08518 33\u00a0D\u00e9clar\u00e9 aupr\u00e8s du pr\u00e9fet de region Aquitaine. Directeur de publication : Beno\u00eet Baxerres H\u00e9bergement : IONOS 1&amp;1 Internet SARL &#8211;\u00a07, place de &hellip; <\/p>\n<p class=\"link-more\"><a href=\"https:\/\/www.jeuneballetdaquitaine.com\/?page_id=653\" class=\"more-link\">Continuer la lecture<span class=\"screen-reader-text\"> de &laquo;&nbsp;Mentions L\u00e9gales&nbsp;&raquo;<\/span><\/a><\/p>\n","protected":false},"author":1,"featured_media":0,"parent":0,"menu_order":0,"comment_status":"closed","ping_status":"closed","template":"","meta":[],"_links":{"self":[{"href":"https:\/\/www.jeuneballetdaquitaine.com\/index.php?rest_route=\/wp\/v2\/pages\/653"}],"collection":[{"href":"https:\/\/www.jeuneballetdaquitaine.com\/index.php?rest_route=\/wp\/v2\/pages"}],"about":[{"href":"https:\/\/www.jeuneballetdaquitaine.com\/index.php?rest_route=\/wp\/v2\/types\/page"}],"author":[{"embeddable":true,"href":"https:\/\/www.jeuneballetdaquitaine.com\/index.php?rest_route=\/wp\/v2\/users\/1"}],"replies":[{"embeddable":true,"href":"https:\/\/www.jeuneballetdaquitaine.com\/index.php?rest_route=%2Fwp%2Fv2%2Fcomments&post=653"}],"version-history":[{"count":4,"href":"https:\/\/www.jeuneballetdaquitaine.com\/index.php?rest_route=\/wp\/v2\/pages\/653\/revisions"}],"predecessor-version":[{"id":1236,"href":"https:\/\/www.jeuneballetdaquitaine.com\/index.php?rest_route=\/wp\/v2\/pages\/653\/revisions\/1236"}],"wp:attachment":[{"href":"https:\/\/www.jeuneballetdaquitaine.com\/index.php?rest_route=%2Fwp%2Fv2%2Fmedia&parent=653"}],"curies":[{"name":"wp","href":"https:\/\/api.w.org\/{rel}","templated":true}]}}