{"id":587,"date":"2019-01-02T13:55:49","date_gmt":"2019-01-02T13:55:49","guid":{"rendered":"http:\/\/jeuneballetdaquitaine.com\/?page_id=587"},"modified":"2021-02-20T15:35:15","modified_gmt":"2021-02-20T15:35:15","slug":"choregraphes-invites-201819","status":"publish","type":"page","link":"https:\/\/www.jeuneballetdaquitaine.com\/?page_id=587","title":{"rendered":"Chor\u00e9graphes invit\u00e9s 2018\/19"},"content":{"rendered":"<p><b>David Gernez<\/b><br \/>\n<a href=\"https:\/\/www.adequatecie.com\/\"><em>Cie Ad\u00e9quat<\/em><\/a><br \/>\n\u00ab\u00a0Flux\u00a0\u00bb<br \/>\nCr\u00e9ation pour les danseurs du Jeune Ballet d&rsquo;Aquitaine.<\/p>\n<p><strong>Gina Buntz<\/strong><br \/>\n<a href=\"http:\/\/www.ginabuntzdance.com\"><em>ginabuntzdance<\/em><\/a><br \/>\n\u00ab\u00a0Ritual Systems\u00a0\u00bb<br \/>\nCr\u00e9ation pour les danseurs du Jeune Ballet d&rsquo;Aquitaine.<\/p>\n<p><strong>Pascal Touzeau<\/strong><br \/>\n<a href=\"http:\/\/www.alienorballet.eu\"><em>Cie Alienorballet<\/em><\/a><br \/>\n\u00ab\u00a04 Temp\u00e9raments\u00a0\u00bb<br \/>\nCr\u00e9ation<\/p>\n<p><strong>Marion Renoux<\/strong><br \/>\n\u00ab\u00a0Souffle\u00a0\u00bb<br \/>\nCr\u00e9ation<\/p>\n<p><strong>Christelle Lara<\/strong><br \/>\nCr\u00e9ations&nbsp;&#8211; <a href=\"http:\/\/lentrepot-lehaillan.com\/events\/accords-a-corps-2\/\">Spectacle Accords \u00e0 Corps<\/a><\/p>\n<p>P<em>rojet musique et danse Jazz o<\/em><em>rganis\u00e9 par l&rsquo;Entrep\u00f4t et le service culturel du Haillan &#8211; Commune de Bordeaux m\u00e9tropole.<\/em><em>&nbsp;Sur une proposition originale de Marie-h\u00e9l\u00e8ne Plassan,&nbsp; direction musicale Olivier Gatto, avec la participation des danseurs de Tempo-Jazz, du &nbsp;Pesmd Bordeaux-Aquitaine et du jeune Ballet d&rsquo;Aquitaine.&nbsp;<\/em><\/p>\n<p>Cr\u00e9ation lumi\u00e8res : Lo\u00efc Gallot<\/p>\n","protected":false},"excerpt":{"rendered":"<p>David Gernez Cie Ad\u00e9quat \u00ab\u00a0Flux\u00a0\u00bb Cr\u00e9ation pour les danseurs du Jeune Ballet d&rsquo;Aquitaine. Gina Buntz ginabuntzdance \u00ab\u00a0Ritual Systems\u00a0\u00bb Cr\u00e9ation pour les danseurs du Jeune Ballet d&rsquo;Aquitaine. Pascal Touzeau Cie Alienorballet \u00ab\u00a04 Temp\u00e9raments\u00a0\u00bb Cr\u00e9ation Marion Renoux \u00ab\u00a0Souffle\u00a0\u00bb Cr\u00e9ation Christelle Lara Cr\u00e9ations&nbsp;&#8211; Spectacle Accords \u00e0 Corps Projet musique et danse Jazz organis\u00e9 par l&rsquo;Entrep\u00f4t et le service &hellip; <\/p>\n<p class=\"link-more\"><a href=\"https:\/\/www.jeuneballetdaquitaine.com\/?page_id=587\" class=\"more-link\">Continuer la lecture<span class=\"screen-reader-text\"> de &laquo;&nbsp;Chor\u00e9graphes invit\u00e9s 2018\/19&nbsp;&raquo;<\/span><\/a><\/p>\n","protected":false},"author":1,"featured_media":821,"parent":0,"menu_order":0,"comment_status":"closed","ping_status":"closed","template":"","meta":[],"_links":{"self":[{"href":"https:\/\/www.jeuneballetdaquitaine.com\/index.php?rest_route=\/wp\/v2\/pages\/587"}],"collection":[{"href":"https:\/\/www.jeuneballetdaquitaine.com\/index.php?rest_route=\/wp\/v2\/pages"}],"about":[{"href":"https:\/\/www.jeuneballetdaquitaine.com\/index.php?rest_route=\/wp\/v2\/types\/page"}],"author":[{"embeddable":true,"href":"https:\/\/www.jeuneballetdaquitaine.com\/index.php?rest_route=\/wp\/v2\/users\/1"}],"replies":[{"embeddable":true,"href":"https:\/\/www.jeuneballetdaquitaine.com\/index.php?rest_route=%2Fwp%2Fv2%2Fcomments&post=587"}],"version-history":[{"count":4,"href":"https:\/\/www.jeuneballetdaquitaine.com\/index.php?rest_route=\/wp\/v2\/pages\/587\/revisions"}],"predecessor-version":[{"id":1273,"href":"https:\/\/www.jeuneballetdaquitaine.com\/index.php?rest_route=\/wp\/v2\/pages\/587\/revisions\/1273"}],"wp:featuredmedia":[{"embeddable":true,"href":"https:\/\/www.jeuneballetdaquitaine.com\/index.php?rest_route=\/wp\/v2\/media\/821"}],"wp:attachment":[{"href":"https:\/\/www.jeuneballetdaquitaine.com\/index.php?rest_route=%2Fwp%2Fv2%2Fmedia&parent=587"}],"curies":[{"name":"wp","href":"https:\/\/api.w.org\/{rel}","templated":true}]}}