{"id":395,"date":"2017-12-28T15:15:13","date_gmt":"2017-12-28T15:15:13","guid":{"rendered":"http:\/\/jeuneballetdaquitaine.com\/?page_id=395"},"modified":"2023-10-30T20:35:55","modified_gmt":"2023-10-30T20:35:55","slug":"partenaires","status":"publish","type":"page","link":"https:\/\/www.jeuneballetdaquitaine.com\/?page_id=395","title":{"rendered":"Partenaires"},"content":{"rendered":"\n<p class=\"paragraph_style\"><strong>Nous remercions chaleureusement les acteurs culturels publics ou priv\u00e9s qui, au travers des diff\u00e9rentes collaborations, \u00e9changes ou partenariats&nbsp; avec notre structure, soutiennent activement la danse, les artistes ainsi que notre projet.&nbsp;<\/strong><em>(liste non exhaustive)<\/em><\/p>\n\n\n\n<p class=\"paragraph_style\"> <a href=\"https:\/\/legaragemoderne.org\"><\/a><\/p>\n\n\n\n<div class=\"wp-block-group is-layout-flow\"><div class=\"wp-block-group__inner-container\">\n<figure class=\"wp-block-table is-style-regular\"><table><tbody><tr><td><a href=\"http:\/\/www.petitconcert-bordeaux.fr\/\" target=\"_blank\" rel=\"noreferrer noopener\"> Agence BBR  \u00ab&nbsp;Les P\u2019tits concerts&nbsp;\u00bb <\/a><\/td><\/tr><tr><td><a href=\"http:\/\/www.arteballeto.com\/\" target=\"_blank\" rel=\"noreferrer noopener\">Arte Balleto \/ Cr\u00e9ations de costumes<\/a><\/td><\/tr><tr><td><a rel=\"noreferrer noopener\" href=\"http:\/\/malandainballet.com\/\" target=\"_blank\">CCN Malandain Ballet Biarritz<\/a><\/td><\/tr><tr><td>Centre Culturel Favols &amp; chateau Brignon \/ Carbon Blanc<\/td><\/tr><tr><td><a rel=\"noreferrer noopener\" href=\"http:\/\/www.lamanufacture-cdcn.org\/\" target=\"_blank\">C<\/a><a rel=\"noreferrer noopener\" href=\"http:\/\/www.lamanufacture-cdcn.org\/\" target=\"_blank\">D<\/a><a rel=\"noreferrer noopener\" href=\"http:\/\/www.lamanufacture-cdcn.org\/\" target=\"_blank\">C<\/a><a href=\"http:\/\/www.lamanufacture-cdcn.org\/\" target=\"_blank\" rel=\"noreferrer noopener\">N<\/a><a rel=\"noreferrer noopener\" href=\"http:\/\/www.lamanufacture-cdcn.org\/\" target=\"_blank\">\u2013 La Manufacture.<\/a><\/td><\/tr><tr><td><a href=\"http:\/\/www.cieactaestfabula.com\/\">Cie Acta Est Fabula \u2013 Norton Antivilo<\/a><\/td><\/tr><tr><td><a href=\"https:\/\/www.adequatecie.com\/\" target=\"_blank\" rel=\"noreferrer noopener\">Cie Adequat \u2013 &nbsp;Lucie Augeai &amp;&nbsp;David Gernez<\/a><\/td><\/tr><tr><td><a href=\"http:\/\/www.auguste-bienvenue.com\/\" target=\"_blank\" rel=\"noreferrer noopener\">Cie Auguste-Bienvenue \u2013&nbsp;Auguste Ouedraogo<\/a><\/td><\/tr><tr><td><a href=\"http:\/\/christinehassidproject.com\/\" target=\"_blank\" rel=\"noreferrer noopener\">Cie Christine Hassid Project<\/a><\/td><\/tr><tr><td>Cie Fabre\/Senou \u2013 Caroline Fabre &amp; Norbert S\u00e8nou,<\/td><\/tr><tr><td><a href=\"http:\/\/www.francois-mauduit.fr\/\" target=\"_blank\" rel=\"noreferrer noopener\">Cie Fran\u00e7ois Mauduit<\/a><\/td><\/tr><tr><td><a href=\"https:\/\/www.compagnie-gestuelle.com\/\" target=\"_blank\" rel=\"noreferrer noopener\">Cie GestueLLe \u2013 Sabine Samba<\/a><\/td><\/tr><tr><td><a href=\"http:\/\/www.horsserie.org\/\" target=\"_blank\" rel=\"noreferrer noopener\">Cie Hors S\u00e9rie \u2013 Hamid Ben Mahi<\/a><\/td><\/tr><tr><td><a href=\"http:\/\/ifunamboli.com\" target=\"_blank\" rel=\"noreferrer noopener\">Cie iFunamboli &#8211; Fabio Crestale<\/a><\/td><\/tr><tr><td><a href=\"http:\/\/www.compagnie-illicite.com\/\" target=\"_blank\" rel=\"noreferrer noopener\">Cie Illicite \/ F\u00e0bio Lopez<\/a><\/td><\/tr><tr><td>Cie In Vivo \u2013 Patrice Val\u00e9ro<\/td><\/tr><tr><td><a rel=\"noreferrer noopener\" href=\"https:\/\/www.jeremyalberge.com\/fr\" target=\"_blank\">Cie <\/a><a href=\"https:\/\/www.jeremyalberge.com\/fr\" target=\"_blank\" rel=\"noreferrer noopener\">L<\/a><a rel=\"noreferrer noopener\" href=\"https:\/\/www.jeremyalberge.com\/fr\" target=\"_blank\">amalo &#8211; J\u00e9r\u00e9my Alberge<\/a><\/td><\/tr><tr><td>Cie Mais encore \u2013 St\u00e9phane Mirabel<\/td><\/tr><tr><td>Cie Mots \u00e0 Maux<\/td><\/tr><tr><td><a href=\"http:\/\/www.gillesbaron.com\/\" target=\"_blank\" rel=\"noreferrer noopener\">Cie Origami \u2013 Gilles Baron,<\/a><\/td><\/tr><tr><td><a href=\"http:\/\/www.paullesoiseaux.com\/\" target=\"_blank\" rel=\"noreferrer noopener\">Cie Paul les Oiseaux \u2013&nbsp;Val\u00e9rie Riviere<\/a><\/td><\/tr><tr><td><a href=\"http:\/\/quetem.com\/quetem\/QUETEM__Accueil.html\" target=\"_blank\" rel=\"noreferrer noopener\">Cie Quetem \u2013 Julien Desplantez<\/a><\/td><\/tr><tr><td><a href=\"https:\/\/www.theartist-ballet.com\" target=\"_blank\" rel=\"noreferrer noopener\">Cie The Artist \u2013 Christine Jeannin<\/a><\/td><\/tr><tr><td><a href=\"http:\/\/www.laciteduvin.com\/fr\" target=\"_blank\" rel=\"noreferrer noopener\">Cit\u00e9 du vin et des civilisations<\/a><\/td><\/tr><tr><td><a href=\"https:\/\/www.collectifar.com\/\" target=\"_blank\" rel=\"noreferrer noopener\">Collectif A\/R \u2013&nbsp;Julia Moncla<\/a><\/td><\/tr><tr><td><a href=\"https:\/\/www.ac-bordeaux.fr\/education-artistique-et-culturelle-eac-122338\" target=\"_blank\" rel=\"noreferrer noopener\">DAAC Bordeaux<\/a><\/td><\/tr><tr><td><a href=\"https:\/\/darwin.camp\" target=\"_blank\" rel=\"noreferrer noopener\">Darwin<\/a><\/td><\/tr><tr><td><a href=\"https:\/\/espacelaforge.fr\" target=\"_blank\" rel=\"noreferrer noopener\">Espace Culturel La Forge \/ Portets<\/a><\/td><\/tr><tr><td><a href=\"https:\/\/www.espacetreulon.fr\" target=\"_blank\" rel=\"noreferrer noopener\">Espace Culturel Treulon \/ Bruges<\/a><\/td><\/tr><tr><td><a href=\"https:\/\/www.danseaufildavril.fr\/\" target=\"_blank\" rel=\"noreferrer noopener\">Festival \u00ab&nbsp;Au fil d\u2019Avril&nbsp;\u00bb \u2013 Valence<\/a><\/td><\/tr><tr><td><a rel=\"noreferrer noopener\" href=\"http:\/\/www.arcachon.com\/festival_cadences.html\" target=\"_blank\">Festival Cadence \/ Arcachon<\/a><\/td><\/tr><tr><td><a href=\"http:\/\/lourdesdanse.fr\/\" target=\"_blank\" rel=\"noreferrer noopener\">Festival de danse de Lourdes<\/a><\/td><\/tr><tr><td><a href=\"https:\/\/www.ffdanse.fr\">FFD<\/a><\/td><\/tr><tr><td><a href=\"http:\/\/frac-aquitaine.net\/\" target=\"_blank\" rel=\"noreferrer noopener\">Frac Aquitaine<\/a><\/td><\/tr><tr><td>Gil 360 <\/td><\/tr><tr><td><a href=\"https:\/\/www.globtheatre.net\/\" target=\"_blank\" rel=\"noreferrer noopener\">GLOB Th\u00e9\u00e2tre<\/a><\/td><\/tr><tr><td>HP Audio 33 \u2013 Ramuntxo Tongues<\/td><\/tr><tr><td><a href=\"http:\/\/www.mesculptures.fr\/\" target=\"_blank\" rel=\"noreferrer noopener\">Jean-Fran\u00e7ois Andr\u00e9 \u2013 Sculpteur<\/a><\/td><\/tr><tr><td><a href=\"https:\/\/www.bordeaux.fr\/o271\/base-sous-marine\" target=\"_blank\" rel=\"noreferrer noopener\">La Base Sous-Marine &#8211; Bordeaux <\/a><\/td><\/tr><tr><td><a href=\"https:\/\/legaragemoderne.org\" target=\"_blank\" rel=\"noreferrer noopener\">Le Garage Moderne<\/a><\/td><\/tr><tr><td><a href=\"https:\/\/bordeaux-marche-de-la-poesie.fr\" target=\"_blank\" rel=\"noreferrer noopener\">Le march\u00e9 de la po\u00e9sie, Librairie l\u2019Olympic<\/a><\/td><\/tr><tr><td><a href=\"https:\/\/lerocherdepalmer.fr\" target=\"_blank\" rel=\"noreferrer noopener\">Le Rocher de Palmer \/ Cenon<\/a><\/td><\/tr><tr><td>Les Mini concerts \u2013 Ensemble Orchestral de Bordeaux<\/td><\/tr><tr><td><a href=\"https:\/\/lesvivresdelart.org\" target=\"_blank\" rel=\"noreferrer noopener\">Les Vivres de l\u2019Art<\/a><\/td><\/tr><tr><td><a href=\"https:\/\/www.bordeaux.fr\" target=\"_blank\" rel=\"noreferrer noopener\">Mairie de Bordeaux<\/a><\/td><\/tr><tr><td><a href=\"https:\/\/www.mairie-creon.fr\" target=\"_blank\" rel=\"noreferrer noopener\">Mairie de Cr\u00e9on<\/a><\/td><\/tr><tr><td><a href=\"https:\/\/www.pesmd.com\" target=\"_blank\" rel=\"noreferrer noopener\">PESMD Bordeaux <\/a><a rel=\"noreferrer noopener\" href=\"https:\/\/www.pesmd.com\" target=\"_blank\">Aquitaine<\/a><\/td><\/tr><tr><td>Rencontre chor\u00e9graphiques de Saint-Jean-d\u2019Illac (33)<\/td><\/tr><tr><td><a href=\"https:\/\/www.mainesaosnois.fr\" target=\"_blank\" rel=\"noreferrer noopener\">Rencontres chor\u00e9graphiques de Mamers (72)<\/a><\/td><\/tr><tr><td>Rencontres chor\u00e9graphiques de Tonneins (47)<\/td><\/tr><tr><td><a href=\"https:\/\/www.bordeaux.fr\/o84658\/salle-des-fetes-bordeaux-grand-parc\" target=\"_blank\" rel=\"noreferrer noopener\">Salle des F\u00eates du Grand-Parc<\/a><\/td><\/tr><tr><td><a href=\"https:\/\/www.culture-bouscat.fr\" target=\"_blank\" rel=\"noreferrer noopener\">Service culturel&nbsp;&nbsp;Mairie du Bouscat &#8211; Ermitage Compostelle<\/a><\/td><\/tr><tr><td><a href=\"https:\/\/www.lentrepot-lehaillan.com\" target=\"_blank\" rel=\"noreferrer noopener\">Service Culturel de la Ville du Haillan \/ l\u2019Entrep\u00f4t<\/a><\/td><\/tr><tr><td>Studio Combes \u2013 Bordeaux<\/td><\/tr><tr><td><a href=\"https:\/\/www.studiopetitspas.com\" target=\"_blank\" rel=\"noreferrer noopener\">Studio Petits Pas \u2013 Bordeaux<\/a><\/td><\/tr><tr><td><a href=\"https:\/\/www.artribu.fr\" target=\"_blank\" rel=\"noreferrer noopener\">Studio Tilt<\/a><\/td><\/tr><tr><td><a href=\"https:\/\/www.tempo-jazz-le-haillan.fr\" target=\"_blank\" rel=\"noreferrer noopener\">Tempo Jazz \u2013 Marie-H\u00e9l\u00e8ne Plassan<\/a><\/td><\/tr><tr><td><a href=\"http:\/\/www.theatreenmiettes.fr\/\" target=\"_blank\" rel=\"noreferrer noopener\">Th\u00e9\u00e2tre en miettes<\/a><\/td><\/tr><tr><td><a href=\"https:\/\/www.theatrefemina.com\" target=\"_blank\" rel=\"noreferrer noopener\">Th\u00e9atre Femina \/ Bordeaux<\/a><\/td><\/tr><tr><td><a href=\"https:\/\/centreculturelcreon.wixsite.com\/les-arcades\" target=\"_blank\" rel=\"noreferrer noopener\">Th\u00e9\u00e2tre les Arcades \u2013 Cr\u00e9on<\/a><\/td><\/tr><tr><td><a rel=\"noreferrer noopener\" href=\"https:\/\/www.theatreleliburnia.fr\" target=\"_blank\">Th\u00e9\u00e2tre Liburnia \/ Libourne<\/a><\/td><\/tr><tr><td><a href=\"http:\/\/www.arcachon.com\/saison_culturelle.html\" target=\"_blank\" rel=\"noreferrer noopener\">Th\u00e9\u00e2tre Olympia \/ Arcachon<\/a><\/td><\/tr><tr><td><a href=\"https:\/\/www.tnba.org\">Tnba<\/a><\/td><\/tr><tr><td><a href=\"https:\/\/www.univ-pau.fr\" target=\"_blank\" rel=\"noreferrer noopener\">Universit\u00e9 des Pays de Pau et de l\u2019Adour \/ UPPA<\/a><\/td><\/tr><tr><td>Universit\u00e9 Bordeaux Montaigne &#8211; Service culturel<\/td><\/tr><\/tbody><\/table><\/figure>\n<\/div><\/div>\n","protected":false},"excerpt":{"rendered":"<p>Nous remercions chaleureusement les acteurs culturels publics ou priv\u00e9s qui, au travers des diff\u00e9rentes collaborations, \u00e9changes ou partenariats&nbsp; avec notre structure, soutiennent activement la danse, les artistes ainsi que notre projet.&nbsp;(liste non exhaustive) Agence BBR \u00ab&nbsp;Les P\u2019tits concerts&nbsp;\u00bb Arte Balleto \/ Cr\u00e9ations de costumes CCN Malandain Ballet Biarritz Centre Culturel Favols &amp; chateau Brignon \/ &hellip; <\/p>\n<p class=\"link-more\"><a href=\"https:\/\/www.jeuneballetdaquitaine.com\/?page_id=395\" class=\"more-link\">Continuer la lecture<span class=\"screen-reader-text\"> de &laquo;&nbsp;Partenaires&nbsp;&raquo;<\/span><\/a><\/p>\n","protected":false},"author":1,"featured_media":1140,"parent":0,"menu_order":0,"comment_status":"closed","ping_status":"closed","template":"","meta":[],"_links":{"self":[{"href":"https:\/\/www.jeuneballetdaquitaine.com\/index.php?rest_route=\/wp\/v2\/pages\/395"}],"collection":[{"href":"https:\/\/www.jeuneballetdaquitaine.com\/index.php?rest_route=\/wp\/v2\/pages"}],"about":[{"href":"https:\/\/www.jeuneballetdaquitaine.com\/index.php?rest_route=\/wp\/v2\/types\/page"}],"author":[{"embeddable":true,"href":"https:\/\/www.jeuneballetdaquitaine.com\/index.php?rest_route=\/wp\/v2\/users\/1"}],"replies":[{"embeddable":true,"href":"https:\/\/www.jeuneballetdaquitaine.com\/index.php?rest_route=%2Fwp%2Fv2%2Fcomments&post=395"}],"version-history":[{"count":15,"href":"https:\/\/www.jeuneballetdaquitaine.com\/index.php?rest_route=\/wp\/v2\/pages\/395\/revisions"}],"predecessor-version":[{"id":1556,"href":"https:\/\/www.jeuneballetdaquitaine.com\/index.php?rest_route=\/wp\/v2\/pages\/395\/revisions\/1556"}],"wp:featuredmedia":[{"embeddable":true,"href":"https:\/\/www.jeuneballetdaquitaine.com\/index.php?rest_route=\/wp\/v2\/media\/1140"}],"wp:attachment":[{"href":"https:\/\/www.jeuneballetdaquitaine.com\/index.php?rest_route=%2Fwp%2Fv2%2Fmedia&parent=395"}],"curies":[{"name":"wp","href":"https:\/\/api.w.org\/{rel}","templated":true}]}}