{"id":381,"date":"2017-12-28T13:05:43","date_gmt":"2017-12-28T13:05:43","guid":{"rendered":"http:\/\/jeuneballetdaquitaine.com\/?page_id=381"},"modified":"2021-02-20T14:12:51","modified_gmt":"2021-02-20T14:12:51","slug":"collaborations","status":"publish","type":"page","link":"https:\/\/www.jeuneballetdaquitaine.com\/?page_id=381","title":{"rendered":"Collaborations"},"content":{"rendered":"<p>Le Jeune Ballet d&rsquo;Aquitaine tisse des liens avec&nbsp;de nombreuses&nbsp;structures artistiques locales, nationales et internationales&nbsp;afin de&nbsp;mettre en place des projets artistiques multiples et vari\u00e9s visants \u00e0 favoriser les \u00e9changes et l&rsquo;insertion professionnelle des danseurs.<\/p>\n<p>Si vous \u00eates un professionnel ou &nbsp;repr\u00e9sentant d\u2019une institution et que vous souhaitez devenir partenaire du Jeune Ballet d&rsquo;Aquitaine, vous pouvez prendre contact avec&nbsp;la direction en nous \u00e9crivant \u00e0&nbsp;<a href=\"mailto:contact@jeuneballetdaquitaine.com\">contact(at)jeuneballetdaquitaine.com<\/a><\/p>\n<p>&nbsp;<\/p>\n","protected":false},"excerpt":{"rendered":"<p>Le Jeune Ballet d&rsquo;Aquitaine tisse des liens avec&nbsp;de nombreuses&nbsp;structures artistiques locales, nationales et internationales&nbsp;afin de&nbsp;mettre en place des projets artistiques multiples et vari\u00e9s visants \u00e0 favoriser les \u00e9changes et l&rsquo;insertion professionnelle des danseurs. Si vous \u00eates un professionnel ou &nbsp;repr\u00e9sentant d\u2019une institution et que vous souhaitez devenir partenaire du Jeune Ballet d&rsquo;Aquitaine, vous pouvez prendre &hellip; <\/p>\n<p class=\"link-more\"><a href=\"https:\/\/www.jeuneballetdaquitaine.com\/?page_id=381\" class=\"more-link\">Continuer la lecture<span class=\"screen-reader-text\"> de &laquo;&nbsp;Collaborations&nbsp;&raquo;<\/span><\/a><\/p>\n","protected":false},"author":1,"featured_media":1250,"parent":0,"menu_order":0,"comment_status":"closed","ping_status":"closed","template":"","meta":[],"_links":{"self":[{"href":"https:\/\/www.jeuneballetdaquitaine.com\/index.php?rest_route=\/wp\/v2\/pages\/381"}],"collection":[{"href":"https:\/\/www.jeuneballetdaquitaine.com\/index.php?rest_route=\/wp\/v2\/pages"}],"about":[{"href":"https:\/\/www.jeuneballetdaquitaine.com\/index.php?rest_route=\/wp\/v2\/types\/page"}],"author":[{"embeddable":true,"href":"https:\/\/www.jeuneballetdaquitaine.com\/index.php?rest_route=\/wp\/v2\/users\/1"}],"replies":[{"embeddable":true,"href":"https:\/\/www.jeuneballetdaquitaine.com\/index.php?rest_route=%2Fwp%2Fv2%2Fcomments&post=381"}],"version-history":[{"count":7,"href":"https:\/\/www.jeuneballetdaquitaine.com\/index.php?rest_route=\/wp\/v2\/pages\/381\/revisions"}],"predecessor-version":[{"id":1256,"href":"https:\/\/www.jeuneballetdaquitaine.com\/index.php?rest_route=\/wp\/v2\/pages\/381\/revisions\/1256"}],"wp:featuredmedia":[{"embeddable":true,"href":"https:\/\/www.jeuneballetdaquitaine.com\/index.php?rest_route=\/wp\/v2\/media\/1250"}],"wp:attachment":[{"href":"https:\/\/www.jeuneballetdaquitaine.com\/index.php?rest_route=%2Fwp%2Fv2%2Fmedia&parent=381"}],"curies":[{"name":"wp","href":"https:\/\/api.w.org\/{rel}","templated":true}]}}