{"id":21,"date":"2017-05-13T16:20:10","date_gmt":"2017-05-13T16:20:10","guid":{"rendered":"http:\/\/formation-danse.com\/?page_id=21"},"modified":"2026-03-07T09:11:02","modified_gmt":"2026-03-07T09:11:02","slug":"actualites","status":"publish","type":"page","link":"https:\/\/www.jeuneballetdaquitaine.com\/?page_id=21","title":{"rendered":"RDV"},"content":{"rendered":"\n<div class=\"wp-block-group is-layout-constrained\"><div class=\"wp-block-group__inner-container\">\n<div class=\"wp-block-group is-vertical is-layout-flex wp-container-1\">\n<p>Le Jeune Ballet d\u2019Aquitaine propose&nbsp;un projet artistique construit en collaboration avec les chor\u00e9graphes invit\u00e9s. Professionnels reconnus ou jeunes cr\u00e9atrices\/teurs, ils confrontent&nbsp; les jeunes danseurs en formation&nbsp; aux diff\u00e9rents courants de la cr\u00e9ation artistique et processus cr\u00e9atifs .<\/p>\n\n\n\n<p>Etape ultime&nbsp;de leur parcours, le temps de&nbsp;la rencontre avec le public constitue pour ces jeunes&nbsp;danseurs un \u00e9l\u00e9ment essentiel de leur formation. Sur sc\u00e8ne, dans&nbsp;&nbsp;des espaces urbains&nbsp;et &nbsp;architecturaux&nbsp;ou des lieux atypiques, ils peuvent ainsi affirmer&nbsp;&nbsp;leur identit\u00e9&nbsp;d\u2019artiste et partager leur passion.&nbsp;<\/p>\n\n\n\n<p>Le programme des \u0153uvres pr\u00e9sent\u00e9es&nbsp; propose une r\u00e9flexion sur la danse classique et contemporaine&nbsp;et&nbsp;les diff\u00e9rents modes de composition associ\u00e9s \u00e0 ces techniques qui se s\u2019enrichissent et se compl\u00e8tent.<\/p>\n\n\n\n<p>Nous vous proposons ainsi de nous retrouver  \u00e0 l&rsquo;occasion des rendez-vous que nous proposons tout au long de l&rsquo;ann\u00e9e dans le cadre de notre programmation ou celle de nos partenaires.<\/p>\n<\/div>\n\n\n\n<hr class=\"wp-block-separator has-alpha-channel-opacity\"\/>\n\n\n\n<p class=\"has-text-align-center has-large-font-size\">Saison 2025-2026 <br><strong>EcLekTiK #26<\/strong><\/p>\n\n\n\n<p><strong>Trois cr\u00e9ations originales entrent au r\u00e9pertoire du  Jeune Ballet d&rsquo;Aquitaine<\/strong><\/p>\n\n\n\n<p><em>Dur\u00e9e du programme environ 1h15<\/em> ( 2 courtes entractes)<\/p>\n\n\n\n<p><br>Sous la direction artistique de Christelle Lara, le Jeune Ballet d&rsquo;Aquitaine  propose pour cette nouvelle saison un&nbsp;triptyque de cr\u00e9ations originales, port\u00e9 par l\u2019engagement, l\u2019\u00e9nergie et le talent de sa jeune g\u00e9n\u00e9ration de danseurs qui met en lumi\u00e8re la diversit\u00e9 des \u00e9critures chor\u00e9graphiques et la vitalit\u00e9 de la cr\u00e9ation contemporaine.&nbsp;&nbsp;<\/p>\n\n\n\n<p>Chaque \u0153uvre est con\u00e7ue en prise directe avec la sc\u00e8ne dans le cadre de r\u00e9sidences de cr\u00e9ation en lien avec les lieux de diffusion partenaires.<\/p>\n\n\n\n<div class=\"wp-block-group is-layout-constrained\"><div class=\"wp-block-group__inner-container\">\n<p><\/p>\n\n\n\n<p class=\"has-text-align-center\"><strong>\u00ab ERROR 404 &#8211; PAGE NOT FOUND&nbsp;\u00bb&nbsp;<\/strong>  <strong>Christelle LARA<\/strong> | Cr\u00e9ation<\/p>\n\n\n\n<p>Sur la page blanche, les corps deviennent encre.<br>Ils \u00e9crivent en noir et en lumi\u00e8re la dualit\u00e9 qui les traverse.<br>Classique et contemporain se fr\u00f4lent, se heurtent, s&rsquo;incomprennent parfois, mais dans leurs silences se r\u00e9v\u00e8le une po\u00e9sie : celle des corps qui cherchent \u00e0 dire l&rsquo;indicible.<\/p>\n<\/div><\/div>\n\n\n\n<p class=\"has-text-align-center\"><strong>\u00ab B-SIDE&nbsp;\u00bb&nbsp;<\/strong>  <strong>Ya\u00ebl BEN EZER | <\/strong>Transmission- [Re]Cr\u00e9ation<\/p>\n\n\n\n<p>B SIDE est n\u00e9 d\u2019un d\u00e9sir d\u2019observer l\u2019acte artistique.<br>En cherchant l\u2019image n\u00e9gative de la vie qui se d\u00e9ploie sur sc\u00e8ne, une possibilit\u00e9 \u00e9merge : celle d\u2019\u00e9clairer les zones cach\u00e9es de l\u2019existence.<br>La cr\u00e9ation se compose de mat\u00e9riaux de l\u2019ici et maintenant, et oscille entre des p\u00f4les de chaos et de perte d\u2019un c\u00f4t\u00e9, et de plaisir, de calme et de c\u00e9l\u00e9bration de l\u2019autre.<br><\/p>\n\n\n\n<p><em>Musique : Kyrie &#8211; Misa Criolla par Ariel Ram\u00edrez, musique originale de Tai Rona<\/em><\/p>\n\n\n\n<div class=\"wp-block-group is-layout-constrained\"><div class=\"wp-block-group__inner-container\">\n<p class=\"has-text-align-center\"><strong>\u00ab WHAT HOLDS US\u00a0\u00bb<\/strong> <strong><strong>Eef JANSEN | <\/strong>Cr\u00e9ation\u00a0<\/strong>  <\/p>\n\n\n\n<p class=\"has-text-align-left\">Cette pi\u00e8ce interroge les notions d\u2019\u00e9quilibre, de tension et de soutien mutuel.<br>La chor\u00e9graphe explore les relations d\u2019interd\u00e9pendance entre les corps, r\u00e9v\u00e9lant les m\u00e9canismes invisibles par lesquels ils se portent, se d\u00e9placent et se renforcent.<br>\u00c0 travers une \u00e9criture physique exigeante, le travail met en lumi\u00e8re une humanit\u00e9 \u00e0 la fois fragile et puissante, o\u00f9 le collectif devient une condition essentielle du mouvement et de l\u2019existence.<\/p>\n\n\n\n<p class=\"has-text-align-left\">A choreographic universe built on balance, tension, and mutual care. \u2018\u2019What holds us\u2019\u2019 navigates the invisible threads between bodies and the ways we hold, move, and empower each other. It\u2019s a journey through interdependence: fragile, forceful, and fiercely human. <\/p>\n\n\n\n<p class=\"has-text-align-center\"><\/p>\n\n\n\n<p class=\"has-text-align-center\"><\/p>\n\n\n\n<p><\/p>\n\n\n\n<h2 class=\"wp-block-heading\"><strong>Evelien (Eef) JANSEN<\/strong><\/h2>\n<\/div><\/div>\n\n\n\n<p>Evelien Jansen (n\u00e9e en 1998) est une danseuse, enseignante et jeune chor\u00e9graphe originaire des Pays-Bas. Form\u00e9e \u00e0 l\u2019Academy of Theatre and Dance d\u2019Amsterdam, dans la section Urban Contemporary, elle d\u00e9bute sa carri\u00e8re au sein de la Hofesh Shechter Company II. Elle poursuit ensuite sa collaboration avec la compagnie sur plusieurs projets majeurs, parmi lesquels&nbsp;<em>Political Mother: The Choreographer\u2019s Cut<\/em>, le film&nbsp;<em>En Corps<\/em>&nbsp;de C\u00e9dric Klapisch, et&nbsp;<em>The Final Cut<\/em>, mis en sc\u00e8ne par Hofesh Shechter.<\/p>\n\n\n\n<p>Apr\u00e8s avoir travaill\u00e9 avec les compagnies Humanhood et Komoco (Sofia Nappi), Evelien s\u2019impose comme danseuse ind\u00e9pendante aux Pays-Bas. Elle collabore notamment avec Faizah Grootens, Anne Suurendonk, Dalton Jansen, Ruben Chi et Jasper van Luijk.<\/p>\n\n\n\n<p>Parall\u00e8lement, elle se consacre \u00e0 la transmission : r\u00e9p\u00e9titrice pour Nicole Beutler Projects, elle enseigne \u00e9galement au sein de compagnies et de programmes de formation, aux Pays-Bas comme \u00e0 l\u2019international. Dans sa p\u00e9dagogie comme dans sa pratique artistique, elle d\u00e9veloppe un langage chor\u00e9graphique singulier \u2014 organique, dynamique et profond\u00e9ment rythmique \u2014 fond\u00e9 sur l\u2019engagement total du corps. L\u2019\u00e9motion et la sinc\u00e9rit\u00e9 demeurent le fil conducteur de son travail, tant en cr\u00e9ation qu\u2019en interpr\u00e9tation.<\/p>\n\n\n\n<p>Sa derni\u00e8re pi\u00e8ce,&nbsp;<em>Groeipijn<\/em>, \u0153uvre de groupe brute et physique, explore la mani\u00e8re dont les crises personnelles peuvent devenir des moteurs de r\u00e9silience et de transformation int\u00e9rieure. Le spectacle sera pr\u00e9sent\u00e9  au festival Lowlands et au th\u00e9\u00e2tre Korzo, en collaboration avec DOX.<\/p>\n\n\n\n<h2 class=\"wp-block-heading\"><strong>Yael BEN EZER<\/strong><\/h2>\n\n\n\n<p>Yael Ben Ezer est n\u00e9e en 1995. \u00c0 l\u2019\u00e9t\u00e9 2010, elle a particip\u00e9 au projet \u00ab Dance is Culture \u00bb dirig\u00e9 par Adi Salant et Mauro Astolfi. En 2013, Yael rejoint la Batsheva Ensemble, la jeune compagnie, et sera engag\u00e9e au sein de la Batsheva Dance Company entre 2016 et 2024.<br>Yael est professeure certifi\u00e9e de Gaga (le langage gestuel d\u2019Ohad Naharin) et donne des ateliers et des cours dans le monde entier. Laur\u00e9ate du prix de danse Yair Shapira, 2022.<br>Au fil des ann\u00e9es pass\u00e9es \u00e0 la Batsheva, elle a chor\u00e9graphi\u00e9 de courtes pi\u00e8ces dans le cadre du projet \u00ab Batsheva Dancers Create \u00bb.  Elle est invit\u00e9e pour des r\u00e9sidences artistiques en Europe :  Village de la danse Orsolina28  (2024), \u00e0 la Cit\u00e9 Internationale des Arts, au Centre James Carles, au CND, \u00e0 La M\u00e9nagerie de verre (2025), au Jeune Ballet d&rsquo;Aquitaine (2025) et ailleurs.<br>Sa derni\u00e8re cr\u00e9ation, \u00ab B SIDE \u00bb, a \u00e9t\u00e9 pr\u00e9sent\u00e9e en premi\u00e8re au festival DIVER en mai 2025.<\/p>\n\n\n\n<h2 class=\"wp-block-heading\"><strong>Christelle LARA<\/strong><\/h2>\n\n\n\n<p>Directrice Artistique du Jeune Ballet d\u2019Aquitaine, chor\u00e9graphe et p\u00e9dagogue de premier plan, Christelle Lara se forme \u00e0 l\u2019Acad\u00e9mie Bordelaise de Danse avec ma\u00eetre Paoli et devient Soliste du Ballet de l\u2019Op\u00e9ra National de Bordeaux de 1985 et 2005 sous les directions successives de Wladimir Skouratoff, Paolo Bortoluzzi, Eric Vu-An et Charles Jude. Elle travaille avec de nombreux chor\u00e9graphes, Nils Christie, Carolyn Carlson, Robert North, Joseph Lazzini, Thierry Malandain, Ted Brandsen, Douglas Dunn, Christian Holder, Margo Sappington, Luciano Cannito, Jean Charles Gil, Eug\u00e8ne Polyakov, Tit H\u00e4rm, interpr\u00e8te les grands r\u00f4les du r\u00e9pertoire et participe aux tourn\u00e9es internationales du Ballet de l\u2019Op\u00e9ra.Professeur de Danse Classique dipl\u00f4m\u00e9e d\u2019\u00e9tat, elle enseigne \u00e0 l\u2019Acad\u00e9mie Bordelaise de Danse, au Centre Eurodanse de 2005 \u00e0 2010 et au Junior Ballet d\u2019Aquitaine de 2006 \u00e0 2010, sous la Direction de Daniel Agesilas, Directeur de la Danse au CNSMD de Paris. Claude Paoli lui propose la direction du Jeune Ballet d\u2019Aquitaine en 2010 au sein duquel elle fonde le Centre de formation Professionnelle en 2011.Professionnelle accomplie et exp\u00e9riment\u00e9e,&nbsp; elle partage et transmet&nbsp; sa connaissance intime du m\u00e9tier d\u2019artiste chor\u00e9graphique \u2013 danseur interpr\u00e8te.&nbsp; Elle accompagne &nbsp;les danseurs dans la construction de leur &nbsp;identit\u00e9 artistique, am\u00e8ne l\u2019exigence de la danse classique aux diff\u00e9rentes techniques de la danse contemporaine et affirme l\u2019importance de la r\u00e9ciprocit\u00e9 et des inter-relations entre les diff\u00e9rentes esth\u00e9tiques. &nbsp;Elle cr\u00e9e des passerelles entre la danse et d\u2019autres arts en d\u00e9veloppant de nombreux projets en lien avec les intervenants de la formation, les acteurs culturels du territoire et la communaut\u00e9 artistique.<\/p>\n\n\n\n<div class=\"wp-block-group is-vertical is-content-justification-center is-layout-flex wp-container-4\">\n<p><strong>INTERPR\u00c8TES DE LA PROMOTION 2025-2026 <\/strong><\/p>\n<\/div>\n\n\n\n<div class=\"wp-block-group is-vertical is-content-justification-center is-layout-flex wp-container-5\">\n<p>Myriam AJROUD, Marine BARRAIS, Maxime DA SILVA, Julie DEGUIL, Alice FAVERJON, Ali\u00e9nor FRUCTUS, Clara GHEUDIN, Zo\u00e9 HANNETEL, Lillie JANSSEN, Emma LEGROS, Lola MONTAUT, Jade MOTHES, Aliz\u00e9e PETIT, Emma PICARD, T\u00e9vy PICH, Ya\u00ebl PICHOT, Sofia PRIANO, Cl\u00e9o R\u00c9, Alice REMY, Louna SIMONNEAU, Z\u00e9lie VOISIN<\/p>\n<\/div>\n\n\n\n<p>Direction artistique<strong>&nbsp;<a href=\"https:\/\/www.jeuneballetdaquitaine.com\/?page_id=83\">Christelle LARA<\/a><\/strong><\/p>\n<\/div><\/div>\n\n\n<div class=\"wp-block-image\">\n<figure class=\"aligncenter size-full is-resized\"><img decoding=\"async\" loading=\"lazy\" src=\"https:\/\/www.jeuneballetdaquitaine.com\/wp-content\/uploads\/2023\/10\/Ville_de_Bordeaux_logo.svg_.png\" alt=\"\" class=\"wp-image-1570\" width=\"102\" height=\"120\"\/><\/figure><\/div>\n\n<div class=\"wp-block-image\">\n<figure class=\"aligncenter size-full is-resized\"><img decoding=\"async\" loading=\"lazy\" src=\"https:\/\/www.jeuneballetdaquitaine.com\/wp-content\/uploads\/2023\/10\/Logo-JBA-2020.jpg\" alt=\"\" class=\"wp-image-1546\" width=\"108\" height=\"107\" srcset=\"https:\/\/www.jeuneballetdaquitaine.com\/wp-content\/uploads\/2023\/10\/Logo-JBA-2020.jpg 722w, https:\/\/www.jeuneballetdaquitaine.com\/wp-content\/uploads\/2023\/10\/Logo-JBA-2020-300x298.jpg 300w, https:\/\/www.jeuneballetdaquitaine.com\/wp-content\/uploads\/2023\/10\/Logo-JBA-2020-150x150.jpg 150w, https:\/\/www.jeuneballetdaquitaine.com\/wp-content\/uploads\/2023\/10\/Logo-JBA-2020-100x100.jpg 100w\" sizes=\"(max-width: 108px) 100vw, 108px\" \/><\/figure><\/div>\n\n\n<div class=\"wp-block-group is-layout-constrained\"><div class=\"wp-block-group__inner-container\">\n<hr class=\"wp-block-separator has-alpha-channel-opacity\"\/>\n\n\n\n<p class=\"has-text-align-center has-large-font-size\"><strong>EcLekTiK #25<\/strong><\/p>\n\n\n\n<p class=\"has-text-align-left\"><\/p>\n<\/div><\/div>\n\n\n\n<hr class=\"wp-block-separator has-alpha-channel-opacity\"\/>\n\n\n\n<figure class=\"wp-block-embed is-type-video is-provider-vimeo wp-block-embed-vimeo wp-embed-aspect-16-9 wp-has-aspect-ratio\"><div class=\"wp-block-embed__wrapper\">\n<iframe loading=\"lazy\" title=\"EcLekTiK #25\" src=\"https:\/\/player.vimeo.com\/video\/1081376663?dnt=1&amp;app_id=122963\" width=\"525\" height=\"295\" frameborder=\"0\" allow=\"autoplay; fullscreen; picture-in-picture; clipboard-write; encrypted-media; web-share\" referrerpolicy=\"strict-origin-when-cross-origin\"><\/iframe>\n<\/div><\/figure>\n\n\n\n<div class=\"wp-block-group is-layout-constrained\"><div class=\"wp-block-group__inner-container\">\n<p class=\"has-text-align-center\"><strong>\u00ab D&rsquo;AUTRES VIES QUE LA MIENNE&nbsp;\u00bb&nbsp;<\/strong>  <\/p>\n\n\n\n<p>Cette pi\u00e8ce explore les dialogues silencieux et fascinants entre des figures iconiques issues de l\u2019art et de la litt\u00e9rature, et nos propres \u00e9motions. Les personnages semblent si diff\u00e9rents, fig\u00e9s dans leurs univers respectifs, porteurs de myst\u00e8res et de temp\u00e9raments uniques. Mais que se passe-t-il lorsqu\u2019ils quittent leur immobilit\u00e9 et entrent en mouvement  ? Par la danse, ils prennent vie, se croisent, se confrontent, et se red\u00e9couvrent. Ils deviennent les miroirs de nos propres existences, parfois d\u00e9cal\u00e9es, parfois en contraste, mais toujours reli\u00e9es par une humanit\u00e9 commune.&nbsp; Cette pi\u00e8ce interroge nos perceptions, notre fascination pour l\u2019autre et notre propre place dans ce jeu d\u2019observations, une invitation \u00e0 d\u00e9passer les apparences et \u00e0 r\u00e9v\u00e9ler ce qui inous lie au-del\u00e0 des diff\u00e9rences, dans un dialogue universel entre le corps et l\u2019imaginaire&#8230; &nbsp;<strong>Christelle LARA<\/strong><\/p>\n<\/div><\/div>\n\n\n\n<hr class=\"wp-block-separator has-alpha-channel-opacity\"\/>\n\n\n\n<p class=\"has-text-align-center\"><strong>\u00ab KYKLOS&nbsp;\u00bb<\/strong> <em> <\/em><\/p>\n\n\n\n<p><em>Cette pi\u00e8ce  \u00e9voque les diff\u00e9rentes \u00e9tapes du cycle de la vie.&nbsp;une r\u00e9flexion po\u00e9tique sur l\u2019\u00e9ternel recommencement, dans une dynamique o\u00f9 l&rsquo;humour et le chaos se rencontrent pour laisser place \u00e0 la contemplation&#8230;.\u00bb &nbsp;<\/em><strong>Adrien OUAKI<\/strong><\/p>\n\n\n\n<hr class=\"wp-block-separator has-alpha-channel-opacity\"\/>\n\n\n\n<p class=\"has-text-align-center\"><strong>\u00ab AU SON DES CORDES&nbsp;\u00bb<\/strong>   <\/p>\n\n\n\n<p><em>Cette pi\u00e8ce explore la m\u00e9taphore de la corde tendue, vibrante, comme un lien invisible entre musique et mouvement. Les danseurs s\u2019engagent dans un dialogue sensible avec les vibrations \u2014 celles des instruments \u00e0 cordes, mais aussi celles qui traversent leurs propres corps. Les s\u00e9quences chor\u00e9graphiques, tant\u00f4t fluides, tant\u00f4t saccad\u00e9es, traduisent les oscillations d\u2019une corde invisible. La coordination devient une onde collective, o\u00f9 chaque geste est influenc\u00e9 par la tension, l\u2019\u00e9lan et le rel\u00e2chement. \u00c0 travers cette recherche, la pi\u00e8ce interroge les notions d\u2019\u00e9coute, d\u2019\u00e9quilibre et de r\u00e9sonance entre les corps. Au son des cordes invite \u00e0 ressentir la danse comme une vibration partag\u00e9e, physique et po\u00e9tique.<\/em> <strong>Marion RENOUX<\/strong><\/p>\n\n\n\n<p class=\"has-text-align-center\"><strong><strong>\u00ab KOAN&nbsp;\u00bb<\/strong><\/strong> <\/p>\n\n\n\n<p class=\"has-text-align-center\"><em>Une invitation \u00e0 sortir de la pens\u00e9e logique pour entrer dans un \u00e9tat intuitif, \u00e0 l&rsquo;\u00e9coute de son int\u00e9riorit\u00e9 . S\u2019autoriser \u00e0 \u00eatre, ici et maintenant, en qu\u00eate d\u2019\u00e9mancipation int\u00e9rieure, sans projections rationnelles ancr\u00e9es dans un futur id\u00e9alis\u00e9&#8230; <\/em> &nbsp;<strong>J\u00e9r\u00e9my ALBERGE<\/strong><\/p>\n\n\n\n<hr class=\"wp-block-separator has-alpha-channel-opacity\"\/>\n\n\n\n<div class=\"wp-block-group is-vertical is-content-justification-center is-layout-flex wp-container-9\">\n<p><strong><strong>INTERPR\u00c8TES DE LA PROMOTION <\/strong> 2024-2025:<\/strong><\/p>\n<\/div>\n\n\n\n<div class=\"wp-block-group is-vertical is-content-justification-center is-layout-flex wp-container-10\">\n<p class=\"has-text-align-center\">Myriam AJROUD, Camille ARBOUSSET, Mathis BORDARIER, Suzie BOUGRELLE, Carla BRIARD, Louise BURON,  M\u00e9line CHIFFLOT,, Maude DOUBLET-VIGUI\u00c9, Carla LEBRET, Jade MOTHES, Luna MULLER, Sol\u00e8ne LABORIE, Aliz\u00e9e PETIT, Emma PICARD, Cl\u00e9o R\u00c9, Nell ROSSIGNOL, Louna SIMONNEAU,  Manon TALON, Emmy TORCHY,  Abigail SIMKUS,  Juliette VALENTE.<\/p>\n<\/div>\n\n\n\n<hr class=\"wp-block-separator has-alpha-channel-opacity\"\/>\n\n\n\n<p class=\"has-text-align-center has-large-font-size\"><strong>EcLekTiK #24<\/strong><\/p>\n\n\n\n<p class=\"has-text-align-left\"><strong>Direction artistique&nbsp;<a href=\"https:\/\/www.jeuneballetdaquitaine.com\/?page_id=83\">Christelle LARA<\/a><\/strong> <\/p>\n\n\n\n<div class=\"wp-block-group is-layout-constrained\"><div class=\"wp-block-group__inner-container\">\n<figure class=\"wp-block-embed aligncenter is-type-video is-provider-vimeo wp-block-embed-vimeo wp-embed-aspect-16-9 wp-has-aspect-ratio\"><div class=\"wp-block-embed__wrapper\">\n<iframe loading=\"lazy\" title=\"EcLeKTik #24\" src=\"https:\/\/player.vimeo.com\/video\/951553537?dnt=1&amp;app_id=122963\" width=\"525\" height=\"295\" frameborder=\"0\" allow=\"autoplay; fullscreen; picture-in-picture; clipboard-write; encrypted-media; web-share\" referrerpolicy=\"strict-origin-when-cross-origin\"><\/iframe>\n<\/div><\/figure>\n<\/div><\/div>\n\n\n\n<div class=\"wp-block-group is-vertical is-content-justification-center is-layout-flex wp-container-14\">\n<div class=\"wp-block-group is-vertical is-content-justification-center is-layout-flex wp-container-13\">\n<div class=\"wp-block-group is-vertical is-content-justification-center is-layout-flex wp-container-12\">\n<p class=\"has-text-align-left\"><strong>\u00ab IN CASE OF LOVE&nbsp;\u00bb<\/strong>&nbsp;<\/p>\n\n\n\n<p class=\"has-text-align-left\">\u00ab Une jeunesse en qu\u00eate de sens face \u00e0 la complexit\u00e9 du monde contemporain. Comment trouver sa place dans une soci\u00e9t\u00e9 marqu\u00e9e par la division et la polarisation ? Le r\u00e9cit des corps qui c\u00e9l\u00e8bre le vivre ensemble et l\u2019urgence de l\u2019amour comme un acte de r\u00e9conciliation. Une invitation \u00e0 cultiver les liens authentiques , \u00e0 promouvoir le partage et la solidarit\u00e9\u2026 \u00bb &nbsp;<strong>Christelle LARA<\/strong><\/p>\n\n\n\n<hr class=\"wp-block-separator has-alpha-channel-opacity\"\/>\n<\/div>\n\n\n\n<p class=\"has-text-align-left\"><strong>\u00ab ATTENDRE LA NUIT\u2026 \u00bb<\/strong>&nbsp;<\/p>\n\n\n\n<p class=\"has-text-align-left\">\u00ab Attendre la nuit\u2026 Il ne reste \u00e0 pr\u00e9sent que la n\u00e9cessit\u00e9 fragile de faire union. C\u2019est une travers\u00e9e tout en tension faite de tableaux, de fresques annon\u00e7ant un futur tragique. Comme l\u2019oracle antique ils et elles ressentent les drames et anticipent les douceurs \u00e0 venir\u2026 \u00bb <strong>Gilles BARON<\/strong><\/p>\n\n\n\n<hr class=\"wp-block-separator has-alpha-channel-opacity\"\/>\n\n\n\n<p class=\"has-text-align-left\">\u00ab&nbsp;<strong>INSIDE PROBLEMS \u00bb<\/strong><\/p>\n\n\n\n<p class=\"has-text-align-left\"><em>\u00ab&nbsp;Pulsations du c\u0153ur, oscillations al\u00e9atoires, \u00e9motions aux multiples facettes. La vitalit\u00e9 explosive des corps incarn\u00e9s survivants aux regards furtifs de la biens\u00e9ance\u2026 L\u00e2cher prise\u2026&nbsp;\u00bb <strong>Marion RENOUX<\/strong><\/em><\/p>\n<\/div>\n<\/div>\n\n\n\n<div style=\"height:12px\" aria-hidden=\"true\" class=\"wp-block-spacer\"><\/div>\n\n\n\n<div class=\"wp-block-group is-vertical is-layout-flex wp-container-20\">\n<div class=\"wp-block-group is-vertical is-layout-flex wp-container-18\">\n<div class=\"wp-block-group is-layout-constrained\"><div class=\"wp-block-group__inner-container\">\n<div class=\"wp-block-group is-vertical is-content-justification-center is-layout-flex wp-container-15\">\n<p class=\"has-text-align-center\"><strong><strong>INTERPR\u00c8TES DE LA PROMOTION <\/strong> 2023-202<\/strong>4<\/p>\n\n\n\n<p class=\"has-text-align-center\">Camille ARBOUSSET, Suzie BOUGRELLE, Carla BRIARD, Louise BURON, Olivia BUTTELLI, M\u00e9line CHIFFLOT, Ana\u00efs COJEAN, Lucien DOMENICONE, Maude DOUBLET-VIGUI\u00c9, Thim\u00e9o DRUGUET, L\u00e9a ESNAULT, Carla LEBRET, No\u00e9mie JAFFRO, Noa LAFITTE, Sol\u00e8ne LABORIE, Nell ROSSIGNOL, Abigail SIMKUS, Manon TALON, Anaelle LEGRAND, Th\u00e9o RODRIGUEZ<\/p>\n<\/div>\n\n\n\n<div style=\"height:12px\" aria-hidden=\"true\" class=\"wp-block-spacer\"><\/div>\n\n\n\n<div class=\"wp-block-group is-vertical is-content-justification-center is-layout-flex wp-container-16\">\n<p class=\"has-text-align-center\"><strong>Direction artistique&nbsp;<a href=\"https:\/\/www.jeuneballetdaquitaine.com\/?page_id=83\">Christelle LARA<\/a><\/strong><\/p>\n\n\n\n<hr class=\"wp-block-separator has-alpha-channel-opacity\"\/>\n\n\n\n<p class=\"has-text-align-center\">Dur\u00e9e du programme environ 1h15<\/p>\n<\/div>\n<\/div><\/div>\n<\/div>\n\n\n\n<p><a href=\"https:\/\/www.jeuneballetdaquitaine.com\/?page_id=1632\">R\u00e9p\u00e9titions Publiques<\/a><\/p>\n\n\n\n<div class=\"wp-block-group is-vertical is-layout-flex wp-container-19\">\n<p><a href=\"https:\/\/www.jeuneballetdaquitaine.com\/?page_id=1636\">Repr\u00e9sentations<\/a><\/p>\n\n\n\n<p><a href=\"https:\/\/www.jeuneballetdaquitaine.com\/?page_id=1517\">Masterclass|Workshops<\/a><\/p>\n<\/div>\n<\/div>\n\n\n\n<p><\/p>\n\n\n\n<p><\/p>\n","protected":false},"excerpt":{"rendered":"<p>Le Jeune Ballet d\u2019Aquitaine propose&nbsp;un projet artistique construit en collaboration avec les chor\u00e9graphes invit\u00e9s. Professionnels reconnus ou jeunes cr\u00e9atrices\/teurs, ils confrontent&nbsp; les jeunes danseurs en formation&nbsp; aux diff\u00e9rents courants de la cr\u00e9ation artistique et processus cr\u00e9atifs . Etape ultime&nbsp;de leur parcours, le temps de&nbsp;la rencontre avec le public constitue pour ces jeunes&nbsp;danseurs un \u00e9l\u00e9ment essentiel &hellip; <\/p>\n<p class=\"link-more\"><a href=\"https:\/\/www.jeuneballetdaquitaine.com\/?page_id=21\" class=\"more-link\">Continuer la lecture<span class=\"screen-reader-text\"> de &laquo;&nbsp;RDV&nbsp;&raquo;<\/span><\/a><\/p>\n","protected":false},"author":1,"featured_media":837,"parent":0,"menu_order":0,"comment_status":"closed","ping_status":"closed","template":"","meta":[],"_links":{"self":[{"href":"https:\/\/www.jeuneballetdaquitaine.com\/index.php?rest_route=\/wp\/v2\/pages\/21"}],"collection":[{"href":"https:\/\/www.jeuneballetdaquitaine.com\/index.php?rest_route=\/wp\/v2\/pages"}],"about":[{"href":"https:\/\/www.jeuneballetdaquitaine.com\/index.php?rest_route=\/wp\/v2\/types\/page"}],"author":[{"embeddable":true,"href":"https:\/\/www.jeuneballetdaquitaine.com\/index.php?rest_route=\/wp\/v2\/users\/1"}],"replies":[{"embeddable":true,"href":"https:\/\/www.jeuneballetdaquitaine.com\/index.php?rest_route=%2Fwp%2Fv2%2Fcomments&post=21"}],"version-history":[{"count":68,"href":"https:\/\/www.jeuneballetdaquitaine.com\/index.php?rest_route=\/wp\/v2\/pages\/21\/revisions"}],"predecessor-version":[{"id":1916,"href":"https:\/\/www.jeuneballetdaquitaine.com\/index.php?rest_route=\/wp\/v2\/pages\/21\/revisions\/1916"}],"wp:featuredmedia":[{"embeddable":true,"href":"https:\/\/www.jeuneballetdaquitaine.com\/index.php?rest_route=\/wp\/v2\/media\/837"}],"wp:attachment":[{"href":"https:\/\/www.jeuneballetdaquitaine.com\/index.php?rest_route=%2Fwp%2Fv2%2Fmedia&parent=21"}],"curies":[{"name":"wp","href":"https:\/\/api.w.org\/{rel}","templated":true}]}}