{"id":18,"date":"2017-05-13T16:20:10","date_gmt":"2017-05-13T16:20:10","guid":{"rendered":"http:\/\/formation-danse.com\/?page_id=18"},"modified":"2023-11-16T19:05:02","modified_gmt":"2023-11-16T19:05:02","slug":"about","status":"publish","type":"page","link":"https:\/\/www.jeuneballetdaquitaine.com\/","title":{"rendered":"A propos"},"content":{"rendered":"<p>Cr\u00e9\u00e9 en 1984 par Claude Paoli et Ren\u00e9 Dunogu\u00e9, le Jeune Ballet d&rsquo;Aquitaine est une Association loi 1901 dont le but est la promotion de la danse et des jeunes danseurs,\u00a0un espace d\u2019apprentissage, de cr\u00e9ation et d&rsquo;\u00e9mergence artistique respectueux de l\u2019h\u00e9ritage classique r\u00e9solument ouvert \u00e0 la modernit\u00e9.<\/p>\n\n\n<p><\/p>\n","protected":false},"excerpt":{"rendered":"<p>Cr\u00e9\u00e9 en 1984 par Claude Paoli et Ren\u00e9 Dunogu\u00e9, le Jeune Ballet d&rsquo;Aquitaine est une Association loi 1901 dont le but est la promotion de la danse et des jeunes danseurs,\u00a0un espace d\u2019apprentissage, de cr\u00e9ation et d&rsquo;\u00e9mergence artistique respectueux de l\u2019h\u00e9ritage classique r\u00e9solument ouvert \u00e0 la modernit\u00e9.<\/p>\n","protected":false},"author":1,"featured_media":1131,"parent":0,"menu_order":0,"comment_status":"closed","ping_status":"closed","template":"","meta":[],"_links":{"self":[{"href":"https:\/\/www.jeuneballetdaquitaine.com\/index.php?rest_route=\/wp\/v2\/pages\/18"}],"collection":[{"href":"https:\/\/www.jeuneballetdaquitaine.com\/index.php?rest_route=\/wp\/v2\/pages"}],"about":[{"href":"https:\/\/www.jeuneballetdaquitaine.com\/index.php?rest_route=\/wp\/v2\/types\/page"}],"author":[{"embeddable":true,"href":"https:\/\/www.jeuneballetdaquitaine.com\/index.php?rest_route=\/wp\/v2\/users\/1"}],"replies":[{"embeddable":true,"href":"https:\/\/www.jeuneballetdaquitaine.com\/index.php?rest_route=%2Fwp%2Fv2%2Fcomments&post=18"}],"version-history":[{"count":18,"href":"https:\/\/www.jeuneballetdaquitaine.com\/index.php?rest_route=\/wp\/v2\/pages\/18\/revisions"}],"predecessor-version":[{"id":1580,"href":"https:\/\/www.jeuneballetdaquitaine.com\/index.php?rest_route=\/wp\/v2\/pages\/18\/revisions\/1580"}],"wp:featuredmedia":[{"embeddable":true,"href":"https:\/\/www.jeuneballetdaquitaine.com\/index.php?rest_route=\/wp\/v2\/media\/1131"}],"wp:attachment":[{"href":"https:\/\/www.jeuneballetdaquitaine.com\/index.php?rest_route=%2Fwp%2Fv2%2Fmedia&parent=18"}],"curies":[{"name":"wp","href":"https:\/\/api.w.org\/{rel}","templated":true}]}}