{"id":165,"date":"2017-05-13T22:11:17","date_gmt":"2017-05-13T22:11:17","guid":{"rendered":"http:\/\/formation-danse.com\/?page_id=165"},"modified":"2021-02-20T16:08:15","modified_gmt":"2021-02-20T16:08:15","slug":"la-cie-alienor","status":"publish","type":"page","link":"https:\/\/www.jeuneballetdaquitaine.com\/?page_id=165","title":{"rendered":"Cie Alienor[ballet]"},"content":{"rendered":"<hr>\n<p><a href=\"http:\/\/www.alienorballet.eu\" target=\"_blank\" rel=\"noopener noreferrer\"><img decoding=\"async\" loading=\"lazy\" class=\"alignleft wp-image-166 size-full\" src=\"http:\/\/formation-danse.com\/wp-content\/uploads\/2017\/05\/cropped-Logo-ALIENOR-Ballet-contemporain-Final-2.jpg\" alt=\"\" width=\"250\" height=\"250\" srcset=\"https:\/\/www.jeuneballetdaquitaine.com\/wp-content\/uploads\/2017\/05\/cropped-Logo-ALIENOR-Ballet-contemporain-Final-2.jpg 250w, https:\/\/www.jeuneballetdaquitaine.com\/wp-content\/uploads\/2017\/05\/cropped-Logo-ALIENOR-Ballet-contemporain-Final-2-150x150.jpg 150w, https:\/\/www.jeuneballetdaquitaine.com\/wp-content\/uploads\/2017\/05\/cropped-Logo-ALIENOR-Ballet-contemporain-Final-2-100x100.jpg 100w\" sizes=\"(max-width: 250px) 100vw, 250px\" \/><\/a><\/p>\n<p>La compagnie Alienor[ballet], &nbsp;est une structure&nbsp; artistique destin\u00e9e aux danseurs&nbsp; issus des grandes \u00e9coles&nbsp; fran\u00e7aises et internationales. Nous leur offrons ici l&rsquo;opportunit\u00e9 de travailler avec des personnalit\u00e9s du monde de la danse &#8211; directeurs de compagnies, chor\u00e9graphes internationaux et jeunes chor\u00e9graphes et de se consacrer&nbsp; ainsi \u00e0 l&rsquo;\u00e9tude ou la cr\u00e9ation du r\u00e9pertoire, au sein d&rsquo;un dispositif&nbsp; artistique d\u00e9di\u00e9, port\u00e9 par un organisme&nbsp;de formation professionnelle reconnu : Le&nbsp;<a href=\"http:\/\/www.jeuneballetdaquitaine.com\">Jeune Ballet d&rsquo;Aquitaine<\/a>&nbsp;, pour participer aux spectacles et tourn\u00e9es professionnelles organis\u00e9es par la compagnie. Les danseurs int\u00e9gr\u00e9s au projet b\u00e9n\u00e9ficient \u00e9galement d&rsquo;un&nbsp;entrainement&nbsp; r\u00e9gulier et de possibilit\u00e9s d&rsquo;\u00e9changes avec&nbsp;les institutions partenaires. Nous proposons ainsi un cadre interm\u00e9diaire destin\u00e9 \u00e0 les accompagner dans le developpement d&rsquo;une premi\u00e8re exp\u00e9rience artistique de tr\u00e8s haut niveau.<\/p>\n<p>Notre objectif \u00e0 cour terme est de valoriser l&rsquo;int\u00e9gralit\u00e9 du cycle de production\/diffusion avec le concours des partenaires que nous rassemblons autour de ce projet.<\/p>\n<p><a style=\"font-size: 1rem;\" href=\"http:\/\/www.alienorballet.eu\" target=\"_blank\" rel=\"noopener noreferrer\">http:\/\/www.alienorballet.eu<\/a><\/p>\n<hr>\n<p>&nbsp;<\/p>\n","protected":false},"excerpt":{"rendered":"<p>La compagnie Alienor[ballet], &nbsp;est une structure&nbsp; artistique destin\u00e9e aux danseurs&nbsp; issus des grandes \u00e9coles&nbsp; fran\u00e7aises et internationales. Nous leur offrons ici l&rsquo;opportunit\u00e9 de travailler avec des personnalit\u00e9s du monde de la danse &#8211; directeurs de compagnies, chor\u00e9graphes internationaux et jeunes chor\u00e9graphes et de se consacrer&nbsp; ainsi \u00e0 l&rsquo;\u00e9tude ou la cr\u00e9ation du r\u00e9pertoire, au sein &hellip; <\/p>\n<p class=\"link-more\"><a href=\"https:\/\/www.jeuneballetdaquitaine.com\/?page_id=165\" class=\"more-link\">Continuer la lecture<span class=\"screen-reader-text\"> de &laquo;&nbsp;Cie Alienor[ballet]&nbsp;&raquo;<\/span><\/a><\/p>\n","protected":false},"author":1,"featured_media":1281,"parent":0,"menu_order":0,"comment_status":"closed","ping_status":"closed","template":"","meta":[],"_links":{"self":[{"href":"https:\/\/www.jeuneballetdaquitaine.com\/index.php?rest_route=\/wp\/v2\/pages\/165"}],"collection":[{"href":"https:\/\/www.jeuneballetdaquitaine.com\/index.php?rest_route=\/wp\/v2\/pages"}],"about":[{"href":"https:\/\/www.jeuneballetdaquitaine.com\/index.php?rest_route=\/wp\/v2\/types\/page"}],"author":[{"embeddable":true,"href":"https:\/\/www.jeuneballetdaquitaine.com\/index.php?rest_route=\/wp\/v2\/users\/1"}],"replies":[{"embeddable":true,"href":"https:\/\/www.jeuneballetdaquitaine.com\/index.php?rest_route=%2Fwp%2Fv2%2Fcomments&post=165"}],"version-history":[{"count":10,"href":"https:\/\/www.jeuneballetdaquitaine.com\/index.php?rest_route=\/wp\/v2\/pages\/165\/revisions"}],"predecessor-version":[{"id":1280,"href":"https:\/\/www.jeuneballetdaquitaine.com\/index.php?rest_route=\/wp\/v2\/pages\/165\/revisions\/1280"}],"wp:featuredmedia":[{"embeddable":true,"href":"https:\/\/www.jeuneballetdaquitaine.com\/index.php?rest_route=\/wp\/v2\/media\/1281"}],"wp:attachment":[{"href":"https:\/\/www.jeuneballetdaquitaine.com\/index.php?rest_route=%2Fwp%2Fv2%2Fmedia&parent=165"}],"curies":[{"name":"wp","href":"https:\/\/api.w.org\/{rel}","templated":true}]}}