{"id":1636,"date":"2024-02-29T10:21:48","date_gmt":"2024-02-29T10:21:48","guid":{"rendered":"https:\/\/www.jeuneballetdaquitaine.com\/?page_id=1636"},"modified":"2025-11-05T14:40:18","modified_gmt":"2025-11-05T14:40:18","slug":"representations","status":"publish","type":"page","link":"https:\/\/www.jeuneballetdaquitaine.com\/?page_id=1636","title":{"rendered":"Sc\u00e8nes &#038; R\u00e9sidences"},"content":{"rendered":"\n<h2 class=\"wp-block-heading has-text-align-center\"><strong>SAISON 2025\/2026<\/strong><\/h2>\n\n\n\n<div class=\"wp-block-group is-vertical is-layout-flex wp-container-28\">\n<div class=\"wp-block-group is-vertical is-layout-flex wp-container-27\">\n<div class=\"wp-block-group is-layout-constrained\"><div class=\"wp-block-group__inner-container\">\n<div class=\"wp-block-group is-layout-constrained\"><div class=\"wp-block-group__inner-container\">\n<div class=\"wp-block-group is-vertical is-layout-flex wp-container-2\">\n<div class=\"wp-block-group is-vertical is-layout-flex wp-container-1\">\n<ul>\n<li><strong>29 septembre -&gt; 3 octobre<\/strong> <strong>2025<\/strong> | R\u00e9sidence de cr\u00e9ation #1 &#8211; <strong>Evelien JANSEN<\/strong> | March\u00e9 de Lerme &#8211; E.C.M Ville de Bordeaux<\/li>\n<\/ul>\n\n\n\n<ul>\n<li><strong>20 octobre -&gt; 24 octobre 2025 \u00e0 20h |<\/strong> R\u00e9sidence de cr\u00e9ation #1 &#8211; <strong>Christelle LARA<\/strong> | Ermitage Compostelle &#8211; Le Bouscat &#8211; Bordeaux M\u00e9tropole (33)<\/li>\n<\/ul>\n\n\n\n<ul>\n<li><strong><strong>3 novembre -&gt; 5 novembre<\/strong> <strong>2025<\/strong> | <\/strong>R\u00e9sidence de cr\u00e9ation #2<strong> &#8211;<strong> Evelien JANSEN<\/strong> |<\/strong> March\u00e9 de Lerme &#8211; E.C.M Ville de Bordeaux<\/li>\n<\/ul>\n\n\n\n<ul>\n<li><strong><strong>10 novembre -&gt; 14 novembre<\/strong> <strong>2025<\/strong> | <\/strong>Workshops<strong> &#8211;<strong> Charles HEINRICH<\/strong> | <\/strong>March\u00e9 de Lerme &#8211; E.C.M Ville de Bordeaux<\/li>\n<\/ul>\n\n\n\n<ul>\n<li><mark style=\"background-color:rgba(0, 0, 0, 0)\" class=\"has-inline-color has-luminous-vivid-amber-color\"><strong>Samedi 22 novembre 2025<\/strong> <strong>\u00e0 20h00<\/strong> <strong>| M270 &#8211; Floirac<\/strong> <\/mark>&#8211; Bordeaux M\u00e9tropole (33) Dans le cadre de la soir\u00e9e caritative Dans&rsquo;Humani &#8211; Informations et r\u00e9servations : <a rel=\"noreferrer noopener\" href=\"https:\/\/openagenda.com\/fr\/ville-de-floirac\/events\/spectacle-danshumani\" target=\"_blank\">https:\/\/openagenda.com\/fr\/ville-de-floirac\/events\/spectacle-danshumani<\/a><\/li>\n<\/ul>\n<\/div>\n<\/div>\n\n\n\n<div class=\"wp-block-group is-vertical is-layout-flex wp-container-9\">\n<div class=\"wp-block-group is-vertical is-layout-flex wp-container-3\">\n<ul>\n<li><strong>24 novembre -&gt; 28 novembre<\/strong> <strong>2025<\/strong> | R\u00e9sidence de cr\u00e9ation #1 &#8211;<strong> Ya\u00ebl BEN EZER<\/strong>  | March\u00e9 de Lerme &#8211; E.C.M Ville de Bordeaux<\/li>\n<\/ul>\n\n\n\n<ul>\n<li><strong><strong>15 d\u00e9cembre -&gt; 19 <strong>d\u00e9cembre<\/strong><\/strong> <strong>2025<\/strong> |<\/strong> R\u00e9sidence de cr\u00e9ation #2<strong> &#8211;<strong> Ya\u00ebl BEN EZER<\/strong> | Espace Qu\u00e9randeau<strong> <\/strong>&#8211; Saint-Jean-d&rsquo;Illac<\/strong><\/li>\n<\/ul>\n\n\n\n<ul>\n<li><strong>26 janvier -&gt; 30 <strong>janvier<\/strong><\/strong> <strong>202<\/strong>6 | R\u00e9sidence de cr\u00e9ation #2 &#8211;<strong> Christelle LARA<\/strong>  | Le Plateau<strong> <\/strong>&#8211; Eysines- Bordeaux M\u00e9tropole (33)<\/li>\n<\/ul>\n\n\n\n<ul>\n<li><strong> 2 f\u00e9vrier -&gt; 6 f\u00e9vrier 2026 <\/strong>| R\u00e9sidence de cr\u00e9ation #3 &#8211;<strong> Evelien JANSEN<\/strong>  | March\u00e9 de Lerme &#8211; E.C.M Ville de Bordeaux<\/li>\n<\/ul>\n\n\n\n<ul>\n<li><strong>9 f\u00e9vrier -&gt; 13 f\u00e9vrier 2026 <\/strong> | Cr\u00e9ation  lumi\u00e8res &#8211;<strong> Ramuntxo TONGES<\/strong> &#8211;  Th\u00e9\u00e2tre des Arcade<strong>s &#8211; <\/strong>Cr\u00e9on<strong> (<\/strong>33)<\/li>\n<\/ul>\n\n\n\n<ul>\n<li><mark style=\"background-color:rgba(0, 0, 0, 0)\" class=\"has-inline-color has-luminous-vivid-amber-color\"><strong>Vendredi 6 mars 2026<\/strong> <\/mark><strong><mark style=\"background-color:rgba(0, 0, 0, 0)\" class=\"has-inline-color has-luminous-vivid-amber-color\">| Th\u00e9\u00e2tre des Arcades<\/mark> <\/strong>&#8211; Cr\u00e9on<strong> (<\/strong>33) &#8211;<strong> <\/strong>R\u00e9p\u00e9tition g\u00e9n\u00e9r<strong>ale<\/strong> + Scolaire (Horaires \u00e0 venir)<\/li>\n<\/ul>\n\n\n\n<ul>\n<li><mark style=\"background-color:rgba(0, 0, 0, 0)\" class=\"has-inline-color has-luminous-vivid-amber-color\"><strong>Vendredi 3 avril 2026 \u00e0 20h30\u00a0| Centre culturel des Carmes<\/strong> <\/mark>&#8211; Langon &#8211; (33). Informations &#8211; R\u00e9servations :<a href=\"https:\/\/billetterie-lescarmes.mapado.com\/event\/553862-eclektik-26-jeune-ballet-daquitain\" target=\"_blank\" rel=\"noreferrer noopener\"> https:\/\/billetterie-lescarmes.mapado.com\/event\/553862-eclektik-26-jeune-ballet-daquitain<\/a><a rel=\"noreferrer noopener\" href=\"https:\/\/www.lentrepot-lehaillan.com\/events\/eclektik-25-jeune-ballet-daquitaine\/\" target=\"_blank\">e<\/a><\/li>\n<\/ul>\n\n\n\n<ul>\n<li><mark style=\"background-color:rgba(0, 0, 0, 0)\" class=\"has-inline-color has-luminous-vivid-amber-color\"><strong><strong>J<\/strong>eudi 7 mai 2026 \u00e0 20h00 | Espace Qu\u00e9randeau <\/strong><\/mark>&#8211; Saint-Jean-d&rsquo;Illac. Informations -R\u00e9servations :<a href=\"https:\/\/www.espacequerandeau.fr\/spectacle\/spectacle-vivant\/eclektik-26\/\"> <\/a><a rel=\"noreferrer noopener\" href=\"https:\/\/www.espacequerandeau.fr\/spectacle\/spectacle-vivant\/eclektik-26\/\" target=\"_blank\">https<\/a><a href=\"https:\/\/www.espacequerandeau.fr\/spectacle\/spectacle-vivant\/eclektik-26\/\">:\/\/www.espacequerandeau.fr\/spectacle\/spectacle-vivant\/jeune-ballet-daquitaine\/<\/a> <\/li>\n<\/ul>\n\n\n\n<ul>\n<li><mark style=\"background-color:rgba(0, 0, 0, 0)\" class=\"has-inline-color has-luminous-vivid-amber-color\"><strong>Mardi 19 mai 2026 \u00e0 20h30 | Th\u00e9\u00e2tre de l&rsquo;Ermitage Compostelle <\/strong>&#8211; <\/mark>Le Bouscat &#8211; Bordeaux M\u00e9tropole (33). Informations &#8211; R\u00e9servations :<a rel=\"noreferrer noopener\" href=\"https:\/\/billetterie-spectacle.bouscat.fr\/event\/538252-eclektik-26\" target=\"_blank\"> https:\/\/billetterie-spectacle.bouscat.fr\/event\/538252-eclektik-26<\/a><\/li>\n<\/ul>\n<\/div>\n\n\n\n<div class=\"wp-block-group is-vertical is-layout-flex wp-container-5\">\n<div class=\"wp-block-group is-vertical is-layout-flex wp-container-4\">\n<ul>\n<li><mark style=\"background-color:rgba(0, 0, 0, 0)\" class=\"has-inline-color has-luminous-vivid-amber-color\"><strong>Vendredi 22 mai 2026 \u00e0 20h30 | Espace Alienor d\u2019Aquitaine <\/strong><\/mark><strong>&#8211; <\/strong>Mussidan (24) &#8211; <a href=\"https:\/\/www.vostickets.net\/Billet\/PGE_MUR2_WEB2\/2CkAAE7caAYnAA\">Infos et r\u00e9servations : <\/a><a rel=\"noreferrer noopener\" href=\"https:\/\/www.mussidan.fr\/event\/jeune-ballet-daquitaine-eclektik26\/\" target=\"_blank\">https:\/\/www.mussidan.fr\/event\/jeune-ballet-daquitaine-eclektik26\/<\/a><\/li>\n<\/ul>\n<\/div>\n\n\n\n<p><\/p>\n<\/div>\n\n\n\n<div class=\"wp-block-group is-vertical is-layout-flex wp-container-7\">\n<div class=\"wp-block-group is-vertical is-layout-flex wp-container-6\">\n<ul>\n<li><mark style=\"background-color:rgba(0, 0, 0, 0)\" class=\"has-inline-color has-luminous-vivid-amber-color\"><strong>Jeudi 4 juin 2026 \u00e0 20h00 | Le Plateau<\/strong><\/mark><strong><strong> <\/strong>&#8211; <\/strong>Eysines &#8211; Bordeaux M\u00e9tropole (33) . Informations -R\u00e9servations  :<a rel=\"noreferrer noopener\" href=\"https:\/\/www.eysines.fr\/open-agenda\/eclektik-26-jeune-ballet-daquitaine\/\" target=\"_blank\"> https:\/\/www.eysines.fr\/open-agenda\/eclektik-26-jeune-ballet-daquitaine\/<\/a><\/li>\n<\/ul>\n<\/div>\n<\/div>\n\n\n\n<div class=\"wp-block-group is-vertical is-layout-flex wp-container-8\">\n<ul>\n<li><mark style=\"background-color:rgba(0, 0, 0, 0)\" class=\"has-inline-color has-luminous-vivid-amber-color\"><strong>Jeudi 25 et Vendredi 26 juin 2026 | Th\u00e9\u00e2tre du Pont Tournant <\/strong><\/mark>&#8211; Bordeaux (33) &#8211; Horaires et informations \u00e0 venir.<\/li>\n<\/ul>\n<\/div>\n<\/div>\n<\/div><\/div>\n\n\n\n<h2 class=\"wp-block-heading has-text-align-center\"><strong>SAISON 2024\/2025<\/strong><\/h2>\n\n\n\n<div class=\"wp-block-group is-layout-constrained\"><div class=\"wp-block-group__inner-container\">\n<div class=\"wp-block-group is-vertical is-layout-flex wp-container-12\">\n<div class=\"wp-block-group is-vertical is-layout-flex wp-container-11\">\n<ul>\n<li><strong>Dimanche 6 juillet 2025  \u00e0 20h30| Les Ar\u00e8nes &#8211; Vieux Boucau <\/strong>&#8211;  (40). <strong> <\/strong>Informations &#8211; R\u00e9servations : <a href=\"https:\/\/vieuxboucau.fr\/tous-les-evenements\/festival-essenti-elles\">https:\/\/vieuxboucau.fr\/tous-les-evenements\/festival-essenti-elles<\/a><\/li>\n<\/ul>\n\n\n\n<p><\/p>\n\n\n\n<ul>\n<li><strong>Du 9 au 14 juin 2025 <\/strong>&#8211;<strong> R\u00e9sidence au Garage Moderne &#8211; Projet OASIS <\/strong>&#8211; The Trap &#8211; Rita LIRA <a rel=\"noreferrer noopener\" href=\"https:\/\/legaragemoderne.org\/oasis-rita-lira#ctn\" target=\"_blank\">https:\/\/legaragemoderne.org\/oasis-rita-lira#ctn<\/a> <strong>+ Performance JBA &#8211; RFF Refugee Food Festival &#8211; Arc en R\u00eave  <\/strong>&#8211; Chor\u00e9graphie Marion RENOUX : <a rel=\"noreferrer noopener\" href=\"https:\/\/legaragemoderne.org\/petit-garage\" target=\"_blank\">https:\/\/legaragemoderne.org\/petit-garage<\/a><\/li>\n<\/ul>\n<\/div>\n<\/div>\n\n\n\n<div class=\"wp-block-group is-vertical is-layout-flex wp-container-21\">\n<div class=\"wp-block-group is-vertical is-layout-flex wp-container-13\">\n<ul>\n<li><strong>Mercredi 21 mai 2025  \u00e0 20h | Th\u00e9\u00e2tre l&rsquo;Ermitage Compostelle<\/strong> &#8211; Le Bouscat &#8211; Bordeaux M\u00e9tropole (33). <strong> <\/strong>Informations &#8211; R\u00e9servations : <a rel=\"noreferrer noopener\" href=\"https:\/\/billetterie-spectacle.bouscat.fr\/event\/355085-eclektik-25\" target=\"_blank\">https:\/\/billetterie-spectacle.bouscat.fr\/event\/355085-eclektik-25<\/a><\/li>\n<\/ul>\n\n\n\n<p><\/p>\n\n\n\n<ul>\n<li><strong>Vendredi  18 avril 2025 \u00e0 20h30\u00a0|  Th\u00e9\u00e2tre l&rsquo;Entrepot<\/strong> &#8211; Le Haillan &#8211; Bordeaux M\u00e9tropole (33). Informations &#8211; R\u00e9servations :<a rel=\"noreferrer noopener\" href=\"https:\/\/www.lentrepot-lehaillan.com\/events\/eclektik-25-jeune-ballet-daquitaine\/\" target=\"_blank\"> https:\/\/www.lentrepot-lehaillan.com\/events\/eclektik-25-jeune-ballet-daquitaine\/<\/a><\/li>\n<\/ul>\n\n\n\n<p><\/p>\n\n\n\n<ul>\n<li><strong>Du 14 au 18 avril 2025&nbsp;|<\/strong> R\u00e9sidence  Th\u00e9\u00e2tre l&rsquo;Entrepot &#8211; Le Haillan &#8211; Bordeaux M\u00e9tropole (33)<\/li>\n<\/ul>\n\n\n\n<p><\/p>\n\n\n\n<ul>\n<li><strong>Jeudi 10 avril 2025 |  Th\u00e9\u00e2tre de la Ville <\/strong>&#8211; Valence (26) &#8211; Festival  \u00a0\u00bb Au Fil d&rsquo;Avril \u00ab\u00a0.  Informations &#8211; R\u00e9servations : <a rel=\"noreferrer noopener\" href=\"https:\/\/theatre.valence.fr\/evenements\/eclektik-25\/\" target=\"_blank\">https:\/\/theatre.valence.fr\/evenements\/eclektik-25\/<\/a><\/li>\n<\/ul>\n\n\n\n<p><\/p>\n\n\n\n<ul>\n<li><strong>Vendredi 28 mars 2025 |  Th\u00e9\u00e2tre Les Colonnes<\/strong> &#8211; Blanquefort (33)<br>Infos et r\u00e9servations :  05 56 35 22 77<\/li>\n<\/ul>\n\n\n\n<p><\/p>\n\n\n\n<ul>\n<li><strong>Vendredi 21 mars 2025 |  Th\u00e9\u00e2tre des Arcades<\/strong> &#8211; Cr\u00e9on (33)<\/li>\n<\/ul>\n\n\n\n<p><\/p>\n\n\n\n<ul>\n<li><strong>Vendredi 14 mars 2025 \u00e0 20h |   Espace Qu\u00e9randeau &#8211; <\/strong>Saint-Jean-d&rsquo;Illac. Informations -R\u00e9servations : <a rel=\"noreferrer noopener\" href=\"https:\/\/www.espacequerandeau.fr\/spectacle\/spectacle-vivant\/jeune-ballet-daquitaine\/\" target=\"_blank\">https:\/\/www.espacequerandeau.fr\/spectacle\/spectacle-vivant\/jeune-ballet-daquitaine\/<\/a><\/li>\n<\/ul>\n\n\n\n<p><\/p>\n\n\n\n<ul>\n<li><strong>Du lundi 3 au vendredi 7 mars 2025 |  R\u00e9sidence Th\u00e9\u00e2tre des Arcades &#8211; <\/strong>Cr\u00e9on<strong> (<\/strong>33)<\/li>\n<\/ul>\n\n\n\n<p><\/p>\n\n\n\n<ul>\n<li><strong>Du 6 au 10 janvier 2025  | R\u00e9sidence \u00e0 l&rsquo; Ermitage Compostelle<\/strong> &#8211; Le Bouscat  &#8211; Bordeaux M\u00e9tropole<\/li>\n<\/ul>\n\n\n\n<p><\/p>\n\n\n\n<ul>\n<li><strong>Vendredi 20 D\u00e9cembre 2025 \u00e0 20h   | L&rsquo;Entrep\u00f4t <\/strong>&#8211; Le Haillan &#8211; Bordeaux M\u00e9tropole (Invitation Tempo Jazz) <\/li>\n<\/ul>\n\n\n\n<p><\/p>\n\n\n\n<ul>\n<li><strong>Jeudi 12 D\u00e9cembre 2025 \u00e0 16h30  | Garage Moderne <\/strong> &#8211; Bordeaux M\u00e9tropole &#8211; Performance &#8211;  Signatures | Sandra VALENTINI ) <\/li>\n<\/ul>\n\n\n\n<p><\/p>\n\n\n\n<ul>\n<li><strong>Du<\/strong> <strong>25 au 29 novembre 2024<\/strong>   |<strong> <\/strong>R\u00e9sidence de cr\u00e9ation &#8211; Adrien OUAKI &#8211; KYKLOS &#8211; March\u00e9 de Lerme &#8211; Bordeaux <\/li>\n<\/ul>\n\n\n\n<p><\/p>\n\n\n\n<ul>\n<li><strong>Du<\/strong> <strong>18 au 22 novembre 2024<\/strong>   |<strong> <\/strong>R\u00e9sidence de cr\u00e9ation &#8211; Espace Qu\u00e9randeau<strong> <\/strong>&#8211; Saint-Jean-d&rsquo;Illac<\/li>\n<\/ul>\n\n\n\n<p><\/p>\n\n\n\n<ul>\n<li><strong>du lundi 21 au vendredi 25 octobre<\/strong> |  R\u00e9sidence de cr\u00e9ation J\u00e9r\u00e9my ALBERGE &#8211; KOAN |  <strong>March\u00e9 de Lerme<\/strong> &#8211; Bordeaux M\u00e9tropole <\/li>\n<\/ul>\n\n\n\n<p><\/p>\n\n\n\n<ul>\n<li><strong>Vendredi 14 juin 2024 \u00e0 10h30 et 15h&nbsp;| <\/strong>SDF Grand Parc &#8211; Bordeaux M\u00e9tropole (Dans le cadre du parcours  d&rsquo;Education Artistique et Culturelle des enfants des \u00e9coles primaires Robert Testas et Lac2)<\/li>\n<\/ul>\n\n\n\n<p><\/p>\n<\/div>\n\n\n\n<div class=\"wp-block-group is-vertical is-layout-flex wp-container-15\">\n<div class=\"wp-block-group is-vertical is-layout-flex wp-container-14\">\n<ul>\n<li><strong>Vendredi 3 mai 2024 \u00e0 20h | Espace Alienor d\u2019Aquitaine &#8211; <\/strong>Mussidan (24)<br><a href=\"https:\/\/www.vostickets.net\/Billet\/PGE_MUR2_WEB2\/2CkAAE7caAYnAA\">Infos et r\u00e9servations : https:\/\/www.vostickets.net\/Billet\/PGE_MUR2_WEB2\/2CkAAE7caAYnAA<\/a><\/li>\n<\/ul>\n\n\n\n<p><\/p>\n<\/div>\n<\/div>\n\n\n\n<div class=\"wp-block-group is-vertical is-layout-flex wp-container-17\">\n<div class=\"wp-block-group is-vertical is-layout-flex wp-container-16\">\n<ul>\n<li><strong>Vendredi 12 avril 2024 \u00e0 20h\u00a0| L\u2019Entrepot <\/strong>&#8211; Le Haillan &#8211; Bordeaux M\u00e9tropole (33)<br>Infos et r\u00e9servations :<a rel=\"noreferrer noopener\" href=\"https:\/\/www.lentrepot-lehaillan.com\/events\/6744\/\" target=\"_blank\"> https:\/\/www.lentrepot-lehaillan.com\/events\/6744\/<\/a><\/li>\n<\/ul>\n\n\n\n<p><\/p>\n<\/div>\n<\/div>\n\n\n\n<div class=\"wp-block-group is-vertical is-layout-flex wp-container-18\">\n<ul>\n<li><strong>Mercredi 3 Avril 2024 | Les Colonnes<\/strong> &#8211; Blanquefort (33<strong>)<br><\/strong>Infos et r\u00e9servations :  05 56 35 22 77<\/li>\n<\/ul>\n\n\n\n<p><\/p>\n<\/div>\n\n\n\n<div class=\"wp-block-group is-vertical is-layout-flex wp-container-20\">\n<div class=\"wp-block-group is-vertical is-layout-flex wp-container-19\">\n<ul>\n<li><strong>Jeudi 14 mars 2024 \u00e0 20h | Ermitage Compostelle<\/strong> &#8211; Le Bouscat &#8211; Bordeaux M\u00e9tropole (33<strong><br><\/strong>Informations-R\u00e9servations : <a href=\"https:\/\/billetterie-spectacle.bouscat.fr\/event\/221089-le-jeune-ballet-daquitaine-eclektik-24\">https:\/\/billetterie-spectacle.bouscat.fr\/event\/221089-le-jeune-ballet-daquitaine-eclektik-24<\/a><\/li>\n<\/ul>\n\n\n\n<p><\/p>\n<\/div>\n<\/div>\n\n\n\n<ul>\n<li><strong>Vendredi 8 mars 2024  \u00e0 15h | Th\u00e9\u00e2tre des Arcades<\/strong> &#8211; Cr\u00e9on (33)<strong><br><\/strong>Dans le cadre du parcours d&rsquo;Education Artistique et Culturelle des \u00e9l\u00e8ves du coll\u00e8ge Fran\u00e7ois Mitterand de Cr\u00e9on.<\/li>\n<\/ul>\n\n\n\n<p><\/p>\n\n\n\n<ul>\n<li><strong>Samedi 25 novembre 2023 \u00e0 20h | M270 <\/strong>&#8211; Floirac &#8211; Bordeaux M\u00e9tropole (33<strong><br><\/strong> Dans le cadre de la soir\u00e9e caritative Dans&rsquo;Humani<\/li>\n<\/ul>\n<\/div>\n<\/div><\/div>\n<\/div><\/div>\n\n\n\n<div class=\"wp-block-group is-layout-constrained\"><div class=\"wp-block-group__inner-container\">\n<div class=\"wp-block-group is-layout-constrained\"><div class=\"wp-block-group__inner-container\">\n<div class=\"wp-block-group is-vertical is-layout-flex wp-container-24\"><\/div>\n<\/div><\/div>\n<\/div><\/div>\n<\/div>\n<\/div>\n","protected":false},"excerpt":{"rendered":"<p>SAISON 2025\/2026 SAISON 2024\/2025<\/p>\n","protected":false},"author":1,"featured_media":0,"parent":0,"menu_order":0,"comment_status":"closed","ping_status":"closed","template":"","meta":[],"_links":{"self":[{"href":"https:\/\/www.jeuneballetdaquitaine.com\/index.php?rest_route=\/wp\/v2\/pages\/1636"}],"collection":[{"href":"https:\/\/www.jeuneballetdaquitaine.com\/index.php?rest_route=\/wp\/v2\/pages"}],"about":[{"href":"https:\/\/www.jeuneballetdaquitaine.com\/index.php?rest_route=\/wp\/v2\/types\/page"}],"author":[{"embeddable":true,"href":"https:\/\/www.jeuneballetdaquitaine.com\/index.php?rest_route=\/wp\/v2\/users\/1"}],"replies":[{"embeddable":true,"href":"https:\/\/www.jeuneballetdaquitaine.com\/index.php?rest_route=%2Fwp%2Fv2%2Fcomments&post=1636"}],"version-history":[{"count":36,"href":"https:\/\/www.jeuneballetdaquitaine.com\/index.php?rest_route=\/wp\/v2\/pages\/1636\/revisions"}],"predecessor-version":[{"id":1888,"href":"https:\/\/www.jeuneballetdaquitaine.com\/index.php?rest_route=\/wp\/v2\/pages\/1636\/revisions\/1888"}],"wp:attachment":[{"href":"https:\/\/www.jeuneballetdaquitaine.com\/index.php?rest_route=%2Fwp%2Fv2%2Fmedia&parent=1636"}],"curies":[{"name":"wp","href":"https:\/\/api.w.org\/{rel}","templated":true}]}}