{"id":1632,"date":"2024-02-29T10:22:16","date_gmt":"2024-02-29T10:22:16","guid":{"rendered":"https:\/\/www.jeuneballetdaquitaine.com\/?page_id=1632"},"modified":"2026-02-22T09:41:20","modified_gmt":"2026-02-22T09:41:20","slug":"repetitions-publiques","status":"publish","type":"page","link":"https:\/\/www.jeuneballetdaquitaine.com\/?page_id=1632","title":{"rendered":"R\u00e9p\u00e9titions publiques"},"content":{"rendered":"\n<p style=\"font-style:italic;font-weight:100\">Le Jeune Ballet d\u2019Aquitaine est accueilli au March\u00e9 de Lerme <em>par les services de la culture de la ville de Bordeaux<\/em>, sur des \u00e9tapes de travail technique et de cr\u00e9ation appel\u00e9es  \u00ab\u00a0R\u00e9sidences\u00a0\u00bb. Nous  \u00e9laborons dans ce cadre, un projet artistique \u00e0 destination des danseurs en voie de professionnalisation, en collaboration avec les artistes et chor\u00e9graphes invit\u00e9s. Professionnels reconnus ou jeunes cr\u00e9atrices et cr\u00e9ateurs, ils les invitent \u00e0 se confronter  aux  diff\u00e9rents courants de la cr\u00e9ation artistique et processus cr\u00e9atifs.&nbsp;<\/p>\n\n\n\n<p style=\"font-style:italic;font-weight:100\">C\u2019est avec beaucoup de plaisir et d\u2019enthousiasme que nous proposons durant la saison  ces temps de r\u00e9p\u00e9tition publique en acc\u00e8s libre, afin de permettre  de d\u00e9couvrir in-situ le travail de recherche et de cr\u00e9ation que nous d\u00e9roulons dans ce lieu inspirant et lumineux, ouvert sur le quartier et ses habitants.<\/p>\n\n\n\n<p><em>Afin d&rsquo;offrir une exp\u00e9rience agr\u00e9able \u00e0 vous public et ainsi qu&rsquo;aux danseurs, le nombre de place par r\u00e9p\u00e9tition publique est limit\u00e9 \u00e0 35 personnes. <\/em>L&rsquo;inscription pr\u00e9alable sur le site de notre partenaire <a href=\"https:\/\/www.helloasso.com\/associations\/jeune-ballet-d-aquitaine\">HelloAsso<\/a> est obligatoire <\/p>\n\n\n\n<p><\/p>\n\n\n\n<h2 class=\"wp-block-heading has-text-align-center\"><strong>Saison 2025-2026<\/strong><\/h2>\n\n\n\n<p class=\"has-text-align-center\"> <em>Informations \u00e0 venir<\/em> <\/p>\n\n\n\n<p>L&rsquo;organisation des r\u00e9p\u00e9tions publiques est en cours, nous ne manquerons pas de vous tenir inform\u00e9s.  Vous pouvez nous \u00e9crire \u00e0 : <a href=\"mailto:info@jeuneballetdaquitaine.com\">info@jeuneballetdaquitaine.com <\/a>pour recevoir lle programme.<\/p>\n\n\n\n<p> <\/p>\n\n\n\n<ul>\n<li><strong>Jeudi<\/strong> <strong>19 mars <strong>2026<\/strong><\/strong> <strong>\u00e0<\/strong> <strong>18h30<\/strong> <strong>|<\/strong> R\u00e9p\u00e9tition publique &#8211;  March\u00e9 de Lerme &#8211; Bordeaux<em>. <\/em><strong><em> <\/em><\/strong><em><strong>\u00ab B-SIDE \u00bb <\/strong>&#8211; Yael BEN EZER | <strong>Entr\u00e9e libre \u2013 R\u00e9servation obligatoire\u00a0 <\/strong>en cliquant sur le lien suivant : <strong><a href=\"https:\/\/www.helloasso.com\/associations\/jeune-ballet-d-aquitaine\/evenements\/repetition-publique-marche-de-lerme-jeudi-19-mars-2026-a-18h30\">Helloasso<\/a><\/strong> &#8211; Dur\u00e9e environ 25 mn<strong>.<\/strong><\/em><\/li>\n<\/ul>\n\n\n\n<ul>\n<li><strong> <strong>Jeudi 9 avril <strong><strong>2026<\/strong><\/strong> \u00e0 18h3<\/strong>0 |<\/strong> R\u00e9p\u00e9tition publique &#8211; March\u00e9 de Lerme &#8211; Bordeaux. Dur\u00e9e 30 mn. <em><strong><strong>\u00ab WHAT HOLDS US\u00a0\u00bb <\/strong><\/strong>&#8211; Evelien JANSEN | <strong> Entr\u00e9e libre \u2013 R\u00e9servation obligatoire\u00a0 <\/strong>en cliquant sur le lien suivant : <strong><a href=\"https:\/\/www.helloasso.com\/associations\/jeune-ballet-d-aquitaine\/evenements\/repetition-publique-marche-de-lerme-jeudi-9-avril-2026-a-18h30\">Helloasso<\/a><\/strong> &#8211; Dur\u00e9e environ 30 mn<strong>.<\/strong><\/em><\/li>\n<\/ul>\n\n\n\n<ul>\n<li><strong>Jeudi 30 avril <strong><strong>2026<\/strong><\/strong> \u00e0 18h30 | <\/strong>R\u00e9p\u00e9tition publique  &#8211; March\u00e9<strong> <\/strong>de Lerme &#8211; Bordeaux.<em> <\/em><strong><em><strong>\u00ab ERROR 404\u00a0\u00bb <\/strong>&#8211; Christelle LARA | <strong>Entr\u00e9e libre \u2013 R\u00e9servation obligatoire\u00a0 <\/strong>en cliquant sur le lien suivant : <strong><a href=\"https:\/\/www.helloasso.com\/associations\/jeune-ballet-d-aquitaine\/evenements\/repetition-publique-marche-de-lerme-jeudi-30-avril-2026-a-18h30\">Helloasso<\/a><\/strong> &#8211; Dur\u00e9e environ 30 mn<strong>.<\/strong><\/em> <\/strong><\/li>\n<\/ul>\n\n\n\n<ul>\n<li><strong>Jeudi 28  mai 2026  \u00e0 18h30 |<\/strong> R\u00e9p\u00e9tition publique &#8211; March\u00e9 de Lerme &#8211; Place de Lerme &#8211; Bordeaux. Dur\u00e9e environ 30 mn.  <em><strong>Programme \u00e0 venir<\/strong>.<\/em><\/li>\n<\/ul>\n\n\n\n<div style=\"height:50px\" aria-hidden=\"true\" class=\"wp-block-spacer\"><\/div>\n\n\n\n<h2 class=\"wp-block-heading has-text-align-center\"><strong>Saison 2024-2025<\/strong><\/h2>\n\n\n\n<hr class=\"wp-block-separator has-alpha-channel-opacity\"\/>\n\n\n\n<ul>\n<li><strong>Jeudi 23 janvier 2025 <\/strong>\u00e0 18h30&nbsp; <strong>| <\/strong>R\u00e9p\u00e9tition publique &#8211; March\u00e9 de Lerme \u2013 Bordeaux. <br><strong><strong>\u00abKYKLOS&nbsp;\u00bb  <\/strong><\/strong>&#8211;  Adrien OUAKI <strong><strong> <\/strong><\/strong>| <strong>\u00ab&nbsp;AU SON DES CORDES&nbsp;\u00bb <\/strong>  Marion RENOUX<strong>  &#8211; Entr\u00e9e libre \u2013 R\u00e9servation obligatoire&nbsp; <\/strong>en cliquant sur le lien suivant : <strong> <a href=\"https:\/\/www.helloasso.com\/associations\/jeune-ballet-d-aquitaine\/evenements\/repetition-publique-marche-de-lerme-jeudi-23-janvier-2025-a-18h30\" target=\"_blank\" rel=\"noreferrer noopener\">Helloasso<\/a><\/strong> &#8211; Dur\u00e9e 30 mn<strong>.<\/strong><\/li>\n<\/ul>\n\n\n\n<ul>\n<li><strong>Jeudi 20 f\u00e9vrier 2025 \u00e0 18h30 | <\/strong>R\u00e9p\u00e9tition publique&nbsp;&#8211; March\u00e9 de Lerme \u2013 Bordeaux. \u00ab <strong><strong>KOAN \u00bb  <\/strong><\/strong>Jeremy ALBERGE &#8211;<strong> Entr\u00e9e libre \u2013 R\u00e9servation obligatoire<strong> obligatoire<\/strong><\/strong> en cliquant sur le lien suivant : <strong> <a href=\"https:\/\/www.helloasso.com\/associations\/jeune-ballet-d-aquitaine\/evenements\/repetition-publique-marche-de-lerme-jeudi-20-fevrier-2025-a-18h30\">Helloasso<\/a><\/strong> Dur\u00e9e 30 mn<\/li>\n<\/ul>\n\n\n\n<ul>\n<li><strong>Jeudi<\/strong> <strong>20 mars 2025<\/strong> <strong>\u00e0<\/strong> <strong>18h30<\/strong> <strong>|<\/strong> R\u00e9p\u00e9tition publique &#8211;  March\u00e9 de Lerme &#8211; Bordeaux<em>. <\/em><strong><em> \u00ab <\/em>D&rsquo;AUTRES VIES QUE LA MIENNNE<em>&nbsp;\u00bb <\/em><\/strong><em> Christelle LARA<\/em><strong>. <\/strong> E<strong>ntr\u00e9e libre \u2013 R\u00e9servation obligatoire<\/strong>  en cliquant sur ce lien <strong> <a href=\"https:\/\/www.helloasso.com\/associations\/jeune-ballet-d-aquitaine\/evenements\/repetition-publique-marche-de-lerme-jeudi-20-mars-2025-a-18h30\" target=\"_blank\" rel=\"noreferrer noopener\">Helloasso<\/a><\/strong> <em>&#8211; Dur\u00e9e 30 <\/em>mn<\/li>\n<\/ul>\n\n\n\n<ul>\n<li><strong> <strong>Jeudi 15 mai <strong>2025<\/strong> \u00e0 18h3<\/strong>0 |<\/strong> R\u00e9p\u00e9tition publique &#8211; March\u00e9 de Lerme &#8211; Bordeaux. <em><strong>\u00ab Kyklos&nbsp;\u00bb <\/strong>Adrien OUAKI <\/em>| <em><strong>\u00ab Au Son des Cordes&nbsp;\u00bb <\/strong>Marion RENOUX <\/em>  <em>&#8211; <strong><strong>Entr\u00e9e libre \u2013 R\u00e9servation obligatoire <\/strong><\/strong> en cliquant sur ce lien<\/em><strong><strong> <a rel=\"noreferrer noopener\" href=\"https:\/\/www.helloasso.com\/associations\/jeune-ballet-d-aquitaine\/evenements\/repetition-publique-marche-de-lerme-jeudi-15-mai-2025-a-18h30\" target=\"_blank\">Helloasso<strong> <\/strong><\/a><\/strong><\/strong><em> &#8211; Dur\u00e9e 30 <\/em>mn<\/li>\n<\/ul>\n\n\n\n<ul>\n<li><strong>Jeudi 5 juin <strong>2025<\/strong> \u00e0 18h30 | <\/strong>R\u00e9p\u00e9tition publique  &#8211; March\u00e9<strong> <\/strong>de Lerme &#8211; Bordeaux.<em> <\/em><strong> <em>\u00ab<\/em> \u00catre Humain <em>\u00bb<\/em><\/strong> Fabio CRESTALE <strong><strong>\u2013 R\u00e9servation obligatoire<\/strong> <\/strong>en cliquant sur ce lien <strong><a rel=\"noreferrer noopener\" href=\"https:\/\/www.helloasso.com\/associations\/jeune-ballet-d-aquitaine\/evenements\/repetition-publique-marche-de-lerme-jeudi-5-juin-2025-a-18h30\" target=\"_blank\">Helloasso<\/a><\/strong> <em>&#8211; Dur\u00e9e 30 <\/em>mn<\/li>\n<\/ul>\n\n\n\n<ul>\n<li><strong>Jeudi 19 juin 2025  \u00e0 18h30 |<\/strong> R\u00e9p\u00e9tition publique &#8211; March\u00e9 de Lerme &#8211; Place de Lerme &#8211; 33000 Bordeaux. <strong> RFF | Danse Contemporaine <\/strong>&#8211; Cr\u00e9ation dirig\u00e9e par Marion RENOUX et Christelle LARA &#8211;  <strong>CARLA ECHO |<\/strong> Danse Contemporaine &#8211; Cr\u00e9ation dirig\u00e9e par Christelle LARA assist\u00e9e de Carla LE BRET &#8211; Entr\u00e9e libre \u2013 <strong>R\u00e9servation obligatoire <\/strong>en cliquant sur ce lien <strong><a href=\"https:\/\/www.helloasso.com\/associations\/jeune-ballet-d-aquitaine\/evenements\/repetition-publique-marche-de-lerme-jeudi-19-juin-2025-a-18h30-2\" target=\"_blank\" rel=\"noreferrer noopener\">Helloasso<\/a><\/strong> <em>&#8211; Dur\u00e9e 30 <\/em>mn<\/li>\n<\/ul>\n\n\n\n<div style=\"height:50px\" aria-hidden=\"true\" class=\"wp-block-spacer\"><\/div>\n\n\n\n<h2 class=\"wp-block-heading has-text-align-center\"><strong>Saison 2023-2024<\/strong><\/h2>\n\n\n\n<hr class=\"wp-block-separator has-alpha-channel-opacity\"\/>\n\n\n\n<ul>\n<li><strong>R\u00e9p\u00e9tition publique Jeudi 7 mars 2024 \u00e0 18h30&nbsp; | March\u00e9 de Lerme \u2013 Bordeaux<\/strong> &#8211; Dur\u00e9e environ &#8211; 30 mn <em><strong><em>\u00ab <\/em><\/strong><\/em>EN CAS D&rsquo;AMOUR <em><strong><em>\u00bb<\/em><\/strong><\/em> de <strong>Christelle LARA<\/strong>, Directrice artistique  du <strong>Jeune Ballet d&rsquo;Aquitaine.<\/strong> <strong> Entr\u00e9e libre \u2013 R\u00e9servation obligatoire&nbsp; <\/strong>sur le site de  notre partenaire en cliquant sur le lien suivant : <strong> <a rel=\"noreferrer noopener\" href=\"https:\/\/www.helloasso.com\/associations\/jeune-ballet-d-aquitaine\/evenements\/repetition-publique-marche-de-lerme-15-mai-2024\" target=\"_blank\">Helloasso<\/a><\/strong><\/li>\n<\/ul>\n\n\n\n<ul>\n<li><strong>R\u00e9p\u00e9tition publique Jeudi 4 avril 2024 \u00e0 18h30&nbsp; | March\u00e9 de Lerme \u2013 Bordeaux &#8211; <\/strong>Dur\u00e9e environ &#8211; 30 mn.<em><strong> <em>\u00ab <\/em><\/strong><\/em>ATTENDRE LA NUIT <em><strong><em>\u00bb<\/em> <\/strong><\/em>de <strong>Gilles BARON<\/strong>, Directeur artistique et chor\u00e9graphe de la <strong>Cie Origami&nbsp; <\/strong>. <br><strong>Entr\u00e9e libre \u2013 R\u00e9servation obligatoire<strong> obligatoire<\/strong> <\/strong>sur le site de  notre partenaire en cliquant sur le lien suivant : <strong> <a rel=\"noreferrer noopener\" href=\"https:\/\/www.helloasso.com\/associations\/jeune-ballet-d-aquitaine\/evenements\/repetition-publique-marche-de-lerme-4-avril-2024\" target=\"_blank\">Helloasso<\/a><\/strong><em><strong><br><\/strong><\/em><\/li>\n<\/ul>\n\n\n\n<ul>\n<li><strong>R\u00e9p\u00e9tition publique<\/strong> <strong>Mercredi<\/strong> <strong>15 mai  2024 \u00e0 18h30 | March\u00e9 de Lerme &#8211; Bordeaux<\/strong><em> &#8211; Dur\u00e9e environ &#8211; 30 mn. \u00ab&nbsp;LA PROCR\u00c9ATION DU PRINTEMPS \u00bb<\/em> de <strong>Fabio CRESTALE<\/strong>, Directeur artistique et chor\u00e9graphe de la <strong>Cie IFunamboli&nbsp; <\/strong>. <strong><br><strong>Entr\u00e9e libre \u2013 R\u00e9servation obligatoire<\/strong> <\/strong>sur le site de  notre partenaire en cliquant sur ce lien <strong> <a rel=\"noreferrer noopener\" href=\"https:\/\/www.helloasso.com\/associations\/jeune-ballet-d-aquitaine\/evenements\/repetition-publique-marche-de-lerme-15-mai-2024\" target=\"_blank\">Helloasso<\/a><\/strong> <\/li>\n<\/ul>\n\n\n\n<ul>\n<li><strong> R\u00e9p\u00e9tition publique<\/strong> <strong>Jeudi 20 juin 2024  \u00e0 18h30 | March\u00e9 de Lerme<\/strong> &#8211; <strong><strong>Bordeaux<\/strong><\/strong>  &#8211; Dur\u00e9e environ &#8211; 30 mn. <em><strong>\u00ab<\/strong><\/em> BAHIA<em><strong>\u00bb<\/strong><\/em>  Extrait de <strong>J\u00e9r\u00e9my ALBERGE<\/strong> &#8211; <strong>Cie LAMALO<\/strong> &#8211; <em><strong>\u00ab<\/strong><\/em> INSIDE PROBLEMS<em><strong>\u00bb<\/strong><\/em>\u00a0\u00bb de <strong>Marion RENOUX<\/strong><em> &#8211; <strong> \u00ab<\/strong><\/em> LOW GRAVITY <em><strong>\u00bb<\/strong><\/em> de <strong>Norton ANTIVILO<\/strong> &#8211; <strong>Cie ACTA EST FABULA<\/strong> <strong><br><strong>Entr\u00e9e libre \u2013 R\u00e9servation obligatoire<\/strong> <\/strong> sur le site de notre partenaire en cliquant sur ce lien <strong><a rel=\"noreferrer noopener\" href=\"https:\/\/www.helloasso.com\/associations\/jeune-ballet-d-aquitaine\/evenements\/repetition-publique-marche-de-lerme-jeudi-20-juin-2024\" target=\"_blank\">Helloasso<\/a><\/strong><\/li>\n<\/ul>\n\n\n<div class=\"wp-block-image\">\n<figure class=\"aligncenter size-full is-resized\"><img decoding=\"async\" loading=\"lazy\" src=\"https:\/\/www.jeuneballetdaquitaine.com\/wp-content\/uploads\/2023\/10\/Ville_de_Bordeaux_logo.svg_.png\" alt=\"\" class=\"wp-image-1570\" width=\"102\" height=\"120\"\/><\/figure><\/div>\n\n<div class=\"wp-block-image\">\n<figure class=\"aligncenter size-full is-resized\"><img decoding=\"async\" loading=\"lazy\" src=\"https:\/\/www.jeuneballetdaquitaine.com\/wp-content\/uploads\/2023\/10\/Logo-JBA-2020.jpg\" alt=\"\" class=\"wp-image-1546\" width=\"108\" height=\"107\" srcset=\"https:\/\/www.jeuneballetdaquitaine.com\/wp-content\/uploads\/2023\/10\/Logo-JBA-2020.jpg 722w, https:\/\/www.jeuneballetdaquitaine.com\/wp-content\/uploads\/2023\/10\/Logo-JBA-2020-300x298.jpg 300w, https:\/\/www.jeuneballetdaquitaine.com\/wp-content\/uploads\/2023\/10\/Logo-JBA-2020-150x150.jpg 150w, https:\/\/www.jeuneballetdaquitaine.com\/wp-content\/uploads\/2023\/10\/Logo-JBA-2020-100x100.jpg 100w\" sizes=\"(max-width: 108px) 100vw, 108px\" \/><\/figure><\/div>","protected":false},"excerpt":{"rendered":"<p>Le Jeune Ballet d\u2019Aquitaine est accueilli au March\u00e9 de Lerme par les services de la culture de la ville de Bordeaux, sur des \u00e9tapes de travail technique et de cr\u00e9ation appel\u00e9es \u00ab\u00a0R\u00e9sidences\u00a0\u00bb. Nous \u00e9laborons dans ce cadre, un projet artistique \u00e0 destination des danseurs en voie de professionnalisation, en collaboration avec les artistes et chor\u00e9graphes &hellip; <\/p>\n<p class=\"link-more\"><a href=\"https:\/\/www.jeuneballetdaquitaine.com\/?page_id=1632\" class=\"more-link\">Continuer la lecture<span class=\"screen-reader-text\"> de &laquo;&nbsp;R\u00e9p\u00e9titions publiques&nbsp;&raquo;<\/span><\/a><\/p>\n","protected":false},"author":1,"featured_media":0,"parent":0,"menu_order":0,"comment_status":"closed","ping_status":"closed","template":"","meta":[],"_links":{"self":[{"href":"https:\/\/www.jeuneballetdaquitaine.com\/index.php?rest_route=\/wp\/v2\/pages\/1632"}],"collection":[{"href":"https:\/\/www.jeuneballetdaquitaine.com\/index.php?rest_route=\/wp\/v2\/pages"}],"about":[{"href":"https:\/\/www.jeuneballetdaquitaine.com\/index.php?rest_route=\/wp\/v2\/types\/page"}],"author":[{"embeddable":true,"href":"https:\/\/www.jeuneballetdaquitaine.com\/index.php?rest_route=\/wp\/v2\/users\/1"}],"replies":[{"embeddable":true,"href":"https:\/\/www.jeuneballetdaquitaine.com\/index.php?rest_route=%2Fwp%2Fv2%2Fcomments&post=1632"}],"version-history":[{"count":62,"href":"https:\/\/www.jeuneballetdaquitaine.com\/index.php?rest_route=\/wp\/v2\/pages\/1632\/revisions"}],"predecessor-version":[{"id":1910,"href":"https:\/\/www.jeuneballetdaquitaine.com\/index.php?rest_route=\/wp\/v2\/pages\/1632\/revisions\/1910"}],"wp:attachment":[{"href":"https:\/\/www.jeuneballetdaquitaine.com\/index.php?rest_route=%2Fwp%2Fv2%2Fmedia&parent=1632"}],"curies":[{"name":"wp","href":"https:\/\/api.w.org\/{rel}","templated":true}]}}