{"id":1517,"date":"2023-09-20T10:31:23","date_gmt":"2023-09-20T10:31:23","guid":{"rendered":"https:\/\/www.jeuneballetdaquitaine.com\/?page_id=1517"},"modified":"2024-12-06T09:45:38","modified_gmt":"2024-12-06T09:45:38","slug":"masterclassworkshops","status":"publish","type":"page","link":"https:\/\/www.jeuneballetdaquitaine.com\/?page_id=1517","title":{"rendered":"Masterclass | Workshops"},"content":{"rendered":"\n<p><strong>Pour la saison 2024-2025, le Jeune Ballet d\u2019Aquitaine propose  une  s\u00e9rie de Masterclass  et Workshops ouverts aux danseurs.euses pr\u00e9-professionnel.les et professionnel.les de la m\u00e9tropole.<\/strong> <\/p>\n\n\n\n<ul>\n<li><strong><span style=\"text-decoration: underline;\">Conditions d\u2019acc\u00e8s :<\/span>  Gratuit<\/strong> <\/li>\n\n\n\n<li><a rel=\"noreferrer noopener\" href=\"https:\/\/www.helloasso.com\/associations\/jeune-ballet-d-aquitaine\/adhesions\/adhesion-2023-2024?_ga=2.236568129.1955068.1694938655-1061110421.1694938655\" target=\"_blank\"><strong>Adh\u00e9sion obligatoire<\/strong><\/a><\/li>\n\n\n\n<li><strong>Lieu : E.C.M &nbsp;March\u00e9 de Lerme, <\/strong>Place de Lerme 33000 Bordeaux<\/li>\n<\/ul>\n\n\n\n<p class=\"has-black-color has-text-color\"><span style=\"text-decoration: underline;\">Renseignements et inscriptions :<\/span>  contact@jeuneballetdaquitaine.com<\/p>\n\n\n\n<ul>\n<li>L&rsquo;adh\u00e9sion permet de participer aux \u00e9v\u00e8nement que  nous organisons au fil de la saison ainsi qu&rsquo;\u00e0 l&rsquo;int\u00e9gralit\u00e9 du cycle de Masterclass et Workshops propos\u00e9s.<\/li>\n\n\n\n<li>L&rsquo;inscription pr\u00e9alable  est obligatoire.<\/li>\n\n\n\n<li><strong>Lieu : <\/strong>E.C.M <strong>&nbsp;March\u00e9 de Lerme, <\/strong>Place de Lerme 33000 Bordeaux.<\/li>\n\n\n\n<li><strong>Le nombre de participants est limit\u00e9 \u00e0 20 personnes\/atelier.<\/strong><\/li>\n<\/ul>\n\n\n\n<hr class=\"wp-block-separator has-alpha-channel-opacity\"\/>\n\n\n\n<div class=\"wp-block-group is-layout-constrained\"><div class=\"wp-block-group__inner-container\">\n<p><strong>#1\/6 | Samedi 12 octobre 2024 | <\/strong>COMPLET<\/p>\n\n\n\n<ul>\n<li><strong>10h-12h <\/strong>: Christelle LARA &#8211; Classique <\/li>\n\n\n\n<li><strong>13h-16h<\/strong> : Manon BOUQUET &#8211; Contemporain<\/li>\n<\/ul>\n\n\n\n<hr class=\"wp-block-separator has-alpha-channel-opacity\"\/>\n<\/div><\/div>\n\n\n\n<p><strong># <\/strong> <strong>2\/6 | Samedi 16 novembre 2024<\/strong> | COMPLET<\/p>\n\n\n\n<ul>\n<li>10h-12h :    Christelle LARA &#8211; Classique <\/li>\n\n\n\n<li>13h-16h : Fabio CRESTALE &#8211; Contemporain<\/li>\n<\/ul>\n\n\n\n<hr class=\"wp-block-separator has-alpha-channel-opacity\"\/>\n\n\n\n<p><strong>#3<strong>\/6<\/strong> | Samedi 14 d\u00e9cembre 2024<\/strong> | COMPLET<\/p>\n\n\n\n<ul>\n<li>10h-12h : Christelle LARA &#8211; Classique<\/li>\n\n\n\n<li>13h-16h :  Christelle LARA &#8211; Classique<\/li>\n<\/ul>\n\n\n\n<hr class=\"wp-block-separator has-alpha-channel-opacity\"\/>\n\n\n\n<p><strong>#4<strong>\/6<\/strong> | Samedi 25 janvier 2025 <\/strong>| COMPLET<\/p>\n\n\n\n<ul>\n<li>10h-12h : Christelle LARA &#8211; Classique <\/li>\n\n\n\n<li>13h-16h :&nbsp;Sandra VALENTINI- Contemporain <\/li>\n<\/ul>\n\n\n\n<hr class=\"wp-block-separator has-alpha-channel-opacity\"\/>\n\n\n\n<p><strong>#5<strong>\/6<\/strong> | Samedi 8 f\u00e9vrier 2025 <\/strong>| COMPLET<\/p>\n\n\n\n<ul>\n<li>10h-12h : Christelle LARA &#8211; Classique<\/li>\n\n\n\n<li>13h-16h : Fabio CRESTALE &#8211; Contemporain<\/li>\n<\/ul>\n\n\n\n<hr class=\"wp-block-separator has-alpha-channel-opacity\"\/>\n\n\n\n<p><strong>#6<strong>\/6<\/strong> | Samedi 15 mars 2025 <\/strong>| COMPLET<\/p>\n\n\n\n<ul>\n<li>10h-12h :&nbsp;Christelle LARA &#8211; Classique<strong> <\/strong><\/li>\n\n\n\n<li>13h-16h : &nbsp;Christelle LARA &#8211; Classique<\/li>\n<\/ul>\n\n\n\n<hr class=\"wp-block-separator has-alpha-channel-opacity\"\/>\n\n\n<div class=\"wp-block-image\">\n<figure class=\"aligncenter size-full is-resized\"><img decoding=\"async\" loading=\"lazy\" src=\"https:\/\/www.jeuneballetdaquitaine.com\/wp-content\/uploads\/2023\/10\/Ville_de_Bordeaux_logo.svg_.png\" alt=\"\" class=\"wp-image-1570\" width=\"102\" height=\"120\"\/><\/figure><\/div>\n\n<div class=\"wp-block-image\">\n<figure class=\"aligncenter size-full is-resized\"><img decoding=\"async\" loading=\"lazy\" src=\"https:\/\/www.jeuneballetdaquitaine.com\/wp-content\/uploads\/2023\/10\/Logo-JBA-2020.jpg\" alt=\"\" class=\"wp-image-1546\" width=\"108\" height=\"107\" srcset=\"https:\/\/www.jeuneballetdaquitaine.com\/wp-content\/uploads\/2023\/10\/Logo-JBA-2020.jpg 722w, https:\/\/www.jeuneballetdaquitaine.com\/wp-content\/uploads\/2023\/10\/Logo-JBA-2020-300x298.jpg 300w, https:\/\/www.jeuneballetdaquitaine.com\/wp-content\/uploads\/2023\/10\/Logo-JBA-2020-150x150.jpg 150w, https:\/\/www.jeuneballetdaquitaine.com\/wp-content\/uploads\/2023\/10\/Logo-JBA-2020-100x100.jpg 100w\" sizes=\"(max-width: 108px) 100vw, 108px\" \/><\/figure><\/div>","protected":false},"excerpt":{"rendered":"<p>Pour la saison 2024-2025, le Jeune Ballet d\u2019Aquitaine propose une s\u00e9rie de Masterclass et Workshops ouverts aux danseurs.euses pr\u00e9-professionnel.les et professionnel.les de la m\u00e9tropole. Renseignements et inscriptions : contact@jeuneballetdaquitaine.com #1\/6 | Samedi 12 octobre 2024 | COMPLET # 2\/6 | Samedi 16 novembre 2024 | COMPLET #3\/6 | Samedi 14 d\u00e9cembre 2024 | COMPLET #4\/6 &hellip; <\/p>\n<p class=\"link-more\"><a href=\"https:\/\/www.jeuneballetdaquitaine.com\/?page_id=1517\" class=\"more-link\">Continuer la lecture<span class=\"screen-reader-text\"> de &laquo;&nbsp;Masterclass | Workshops&nbsp;&raquo;<\/span><\/a><\/p>\n","protected":false},"author":1,"featured_media":1514,"parent":0,"menu_order":0,"comment_status":"closed","ping_status":"closed","template":"","meta":[],"_links":{"self":[{"href":"https:\/\/www.jeuneballetdaquitaine.com\/index.php?rest_route=\/wp\/v2\/pages\/1517"}],"collection":[{"href":"https:\/\/www.jeuneballetdaquitaine.com\/index.php?rest_route=\/wp\/v2\/pages"}],"about":[{"href":"https:\/\/www.jeuneballetdaquitaine.com\/index.php?rest_route=\/wp\/v2\/types\/page"}],"author":[{"embeddable":true,"href":"https:\/\/www.jeuneballetdaquitaine.com\/index.php?rest_route=\/wp\/v2\/users\/1"}],"replies":[{"embeddable":true,"href":"https:\/\/www.jeuneballetdaquitaine.com\/index.php?rest_route=%2Fwp%2Fv2%2Fcomments&post=1517"}],"version-history":[{"count":38,"href":"https:\/\/www.jeuneballetdaquitaine.com\/index.php?rest_route=\/wp\/v2\/pages\/1517\/revisions"}],"predecessor-version":[{"id":1766,"href":"https:\/\/www.jeuneballetdaquitaine.com\/index.php?rest_route=\/wp\/v2\/pages\/1517\/revisions\/1766"}],"wp:featuredmedia":[{"embeddable":true,"href":"https:\/\/www.jeuneballetdaquitaine.com\/index.php?rest_route=\/wp\/v2\/media\/1514"}],"wp:attachment":[{"href":"https:\/\/www.jeuneballetdaquitaine.com\/index.php?rest_route=%2Fwp%2Fv2%2Fmedia&parent=1517"}],"curies":[{"name":"wp","href":"https:\/\/api.w.org\/{rel}","templated":true}]}}