{"id":1344,"date":"2021-12-27T10:41:54","date_gmt":"2021-12-27T10:41:54","guid":{"rendered":"https:\/\/www.jeuneballetdaquitaine.com\/?page_id=1344"},"modified":"2026-03-20T17:51:39","modified_gmt":"2026-03-20T17:51:39","slug":"admissions-2026-2027","status":"publish","type":"page","link":"https:\/\/www.jeuneballetdaquitaine.com\/?page_id=1344","title":{"rendered":"Admissions 2026-2027"},"content":{"rendered":"\n<p class=\"has-text-align-center has-black-color has-white-background-color has-text-color has-background\" style=\"font-size:21px\"><strong>FORMATION AU METIER D&rsquo;ARTISTE CHOR\u00c9GRAPHIQUE &#8211; DANSEUR INTERPR\u00c8TE  <\/strong><\/p>\n\n\n\n<p class=\"has-text-align-center has-luminous-vivid-orange-color has-white-background-color has-text-color has-background\"><strong>Les candidatures aux \u00e9preuves d&rsquo;admission pour la saison 2026-2027 sont cl\u00f4tur\u00e9es. <\/strong><br><\/p>\n\n\n\n<p><strong><span style=\"text-decoration: underline;\">Conditions g\u00e9n\u00e9rales d\u2019admission :<\/span><\/strong><\/p>\n\n\n\n<ul>\n<li>Les candidat.e.s doivent \u00eatre \u00e2g\u00e9.e.s de 16 \u00e0 23 ans au moment de l\u2019entr\u00e9e en formation.  Des d\u00e9rogations peuvent \u00eatre accord\u00e9es selon les profils des candidat.e.s et apr\u00e8s examen du dossier d\u2019inscription.<\/li>\n\n\n\n<li>Une solide base technique dans au moins une des trois disciplines (Classique &#8211; Contemporain &#8211; Jazz) est demand\u00e9e ainsi qu&rsquo;une forte motivation et un esprit d\u2019ouverture intellectuelle et artistique.<\/li>\n\n\n\n<li>Aucune condition de nationalit\u00e9 n\u2019est impos\u00e9e mais une ma\u00eetrise correcte de la langue fran\u00e7aise est demand\u00e9e. <\/li>\n<\/ul>\n\n\n\n<p><strong><span style=\"text-decoration: underline;\"> 1er tour &#8211; <strong>Candidature <\/strong> :<\/span><\/strong><\/p>\n\n\n\n<p><strong>Pour proposer votre candidature aux \u00e9preuves d&rsquo;admission, vous devez t\u00e9l\u00e9charger le dossier de candidature  accessible depuis le lien suivant : <a rel=\"noreferrer noopener\" href=\"https:\/\/www.jeuneballetdaquitaine.com\/wp-content\/uploads\/2025\/10\/JBA-Formulaire-candidature-auditions-2026-2027-.pdf\" target=\"_blank\">Dossier d&rsquo;inscription <\/a>et le retourner par email une fois compl\u00e9t\u00e9.<\/strong><\/p>\n\n\n\n<ul>\n<li>Prenez soin de joindre \u00e0 votre email toutes les pi\u00e8ces demand\u00e9es<\/li>\n\n\n\n<li><strong>Les dossiers incomplets ne seront pas pris en compte<\/strong>.<\/li>\n\n\n\n<li>Nous confirmerons la prise en compte de votre candidature  par e-mail \u00e0 r\u00e9ception de votre dossier. <\/li>\n\n\n\n<li>Les r\u00e9sultats serons communiqu\u00e9s <strong>individuellement<\/strong>.<\/li>\n<\/ul>\n\n\n\n<p><strong><span style=\"text-decoration: underline;\">2\u00e8me tour &#8211; Admissibilit\u00e9s : <\/span><\/strong><\/p>\n\n\n\n<div class=\"wp-block-group is-layout-flow\"><div class=\"wp-block-group__inner-container\">\n<div class=\"wp-block-group is-layout-flow\"><div class=\"wp-block-group__inner-container\">\n<div class=\"wp-block-group is-layout-constrained\"><div class=\"wp-block-group__inner-container\">\n<div class=\"wp-block-group is-layout-constrained\"><div class=\"wp-block-group__inner-container\">\n<p><strong>Les candidat.e.s retenu.e.s au premier tour  recevront une invitation pour participer aux \u00e9preuves d&rsquo;admission en pr\u00e9sentiel <span style=\"text-decoration: underline;\">\u00e0 la date qui leur sera propos\u00e9e<\/span> dans la convocation.<\/strong><\/p>\n\n\n\n<ul>\n<li>Les candidat.e.s retenu.e.s devront confirmer leur participation \u00e0 la date propos\u00e9e.<\/li>\n\n\n\n<li>Les candidat.e.s non admissibles seront notifi\u00e9.e.s par email.<\/li>\n<\/ul>\n\n\n\n<div class=\"wp-block-group is-layout-constrained\"><div class=\"wp-block-group__inner-container\">\n<p><span style=\"text-decoration: underline;\">D\u00e9roulement des \u00e9preuves : <\/span><\/p>\n<\/div><\/div>\n\n\n\n<ul>\n<li>Cours classique 1h30<\/li>\n\n\n\n<li>Cours contemporain. 1h30<\/li>\n\n\n\n<li>Pr\u00e9sentation d\u2019une composition personnelle en <strong>contemporain ou jazz <\/strong>d\u2019une dur\u00e9e de 2 \u00e0 3 minutes maximum (pas d\u2019improvisation). <\/li>\n\n\n\n<li>D\u00e9but des \u00e9preuves \u00e0 10h00.<\/li>\n\n\n\n<li>Fin des \u00e9preuves au plus tard \u00e0 17h00.<\/li>\n<\/ul>\n\n\n\n<p><strong><span style=\"text-decoration: underline;\">3\u00e8me tour Admissions &#8211; Entretiens <\/span><\/strong><\/p>\n\n\n\n<p><strong>Les candidat.e.s admissibles apr\u00e8s le deuxi\u00e8me tour seront notifi\u00e9.e.s par email et recevront une proposition d&rsquo;entretien individuel (visio ou t\u00e9l\u00e9phone) avec la direction du centre de formation.<\/strong><\/p>\n\n\n\n<ul>\n<li>L&rsquo;admission d\u00e9finitive sera notifi\u00e9e individuellement par email dans les 10 jours suivant  la date de l&rsquo;entretien.<\/li>\n\n\n\n<li><strong>Les candidat.e.s admis.e.s recevront leur notification d&rsquo;admission<\/strong> <strong>accompagn\u00e9e de leur dossier d&rsquo;inscription pour rejoi<\/strong>n<strong>dre les effectifs du Jeune Ballet d&rsquo;Aquitaine \u00e0 la rentr\u00e9e de septembre 2026.<\/strong><\/li>\n\n\n\n<li>Nous pourrons proposer d&rsquo;inscrire certain.e.s candidat.e.s sur la liste compl\u00e9mentaire des admissions. <\/li>\n\n\n\n<li>Les candidat.e.s inscrit.e.s sur la liste compl\u00e9mentaire seront notifi\u00e9.e.s par email. <strong>\u00a0Il\u00b7elle\u00b7s sont prioritaires en cas de d\u00e9sistement d&rsquo;un.e candidat.e admis.e<\/strong>. <\/li>\n\n\n\n<li>Il ne sera fait aucun retour personnel suite aux \u00e9valuations.<\/li>\n<\/ul>\n<\/div><\/div>\n<\/div><\/div>\n<\/div><\/div>\n<\/div><\/div>\n\n\n\n<p><strong><span style=\"text-decoration: underline;\">Informations et renseignements : <br><\/span><\/strong>admissions(at)jeuneballetdaquitaine.com &#8211; +33(0)6 25 93 45 70<\/p>\n\n\n\n<p><em>NB : Nous pouvons sous conditions recevoir certains candidats en audition priv\u00e9e. Toute demande d\u2019audition priv\u00e9e doit \u00eatre formul\u00e9e par email et justifi\u00e9e par des circonstances particuli\u00e8res et\/ou attest\u00e9e par des documents officiels.<\/em> <\/p>\n\n\n\n<div class=\"wp-block-group is-layout-constrained\"><div class=\"wp-block-group__inner-container\"><\/div><\/div>\n","protected":false},"excerpt":{"rendered":"<p>FORMATION AU METIER D&rsquo;ARTISTE CHOR\u00c9GRAPHIQUE &#8211; DANSEUR INTERPR\u00c8TE Les candidatures aux \u00e9preuves d&rsquo;admission pour la saison 2026-2027 sont cl\u00f4tur\u00e9es. Conditions g\u00e9n\u00e9rales d\u2019admission : 1er tour &#8211; Candidature : Pour proposer votre candidature aux \u00e9preuves d&rsquo;admission, vous devez t\u00e9l\u00e9charger le dossier de candidature accessible depuis le lien suivant : Dossier d&rsquo;inscription et le retourner par email &hellip; <\/p>\n<p class=\"link-more\"><a href=\"https:\/\/www.jeuneballetdaquitaine.com\/?page_id=1344\" class=\"more-link\">Continuer la lecture<span class=\"screen-reader-text\"> de &laquo;&nbsp;Admissions 2026-2027&nbsp;&raquo;<\/span><\/a><\/p>\n","protected":false},"author":1,"featured_media":1547,"parent":0,"menu_order":0,"comment_status":"closed","ping_status":"closed","template":"","meta":[],"_links":{"self":[{"href":"https:\/\/www.jeuneballetdaquitaine.com\/index.php?rest_route=\/wp\/v2\/pages\/1344"}],"collection":[{"href":"https:\/\/www.jeuneballetdaquitaine.com\/index.php?rest_route=\/wp\/v2\/pages"}],"about":[{"href":"https:\/\/www.jeuneballetdaquitaine.com\/index.php?rest_route=\/wp\/v2\/types\/page"}],"author":[{"embeddable":true,"href":"https:\/\/www.jeuneballetdaquitaine.com\/index.php?rest_route=\/wp\/v2\/users\/1"}],"replies":[{"embeddable":true,"href":"https:\/\/www.jeuneballetdaquitaine.com\/index.php?rest_route=%2Fwp%2Fv2%2Fcomments&post=1344"}],"version-history":[{"count":114,"href":"https:\/\/www.jeuneballetdaquitaine.com\/index.php?rest_route=\/wp\/v2\/pages\/1344\/revisions"}],"predecessor-version":[{"id":1920,"href":"https:\/\/www.jeuneballetdaquitaine.com\/index.php?rest_route=\/wp\/v2\/pages\/1344\/revisions\/1920"}],"wp:featuredmedia":[{"embeddable":true,"href":"https:\/\/www.jeuneballetdaquitaine.com\/index.php?rest_route=\/wp\/v2\/media\/1547"}],"wp:attachment":[{"href":"https:\/\/www.jeuneballetdaquitaine.com\/index.php?rest_route=%2Fwp%2Fv2%2Fmedia&parent=1344"}],"curies":[{"name":"wp","href":"https:\/\/api.w.org\/{rel}","templated":true}]}}