{"id":1258,"date":"2021-02-20T14:49:42","date_gmt":"2021-02-20T14:49:42","guid":{"rendered":"https:\/\/www.jeuneballetdaquitaine.com\/?page_id=1258"},"modified":"2021-11-23T10:01:47","modified_gmt":"2021-11-23T10:01:47","slug":"choregraphes-invites-2020-21","status":"publish","type":"page","link":"https:\/\/www.jeuneballetdaquitaine.com\/?page_id=1258","title":{"rendered":"Chor\u00e9graphes invit\u00e9s 2020\/21"},"content":{"rendered":"\n<p><strong>Laura AREND<\/strong><br><a href=\"https:\/\/www.laborationartcompany.com\/\"><em>&nbsp;Laboration<\/em> Art Company L.A.C<br><\/a>\u00ab\u00a0Parioscorpio\u00a0\u00bb<br>Cr\u00e9ation<\/p>\n\n\n\n<figure class=\"wp-block-embed is-type-video is-provider-vimeo wp-block-embed-vimeo wp-embed-aspect-16-9 wp-has-aspect-ratio\"><div class=\"wp-block-embed__wrapper\">\n<iframe loading=\"lazy\" title=\"Teaser Parioscorpio\" src=\"https:\/\/player.vimeo.com\/video\/557608187?h=02f96d05f0&amp;dnt=1&amp;app_id=122963\" width=\"525\" height=\"295\" frameborder=\"0\" allow=\"autoplay; fullscreen; picture-in-picture\" allowfullscreen><\/iframe>\n<\/div><\/figure>\n\n\n\n<p><\/p>\n\n\n\n<p><strong><strong>Christelle LARA<\/strong><\/strong><br>\u00ab\u00a0G\u00e9om\u00e9trie Variable\u00a0\u00bb<br>Cr\u00e9ation <\/p>\n\n\n\n<figure class=\"wp-block-embed is-type-video is-provider-vimeo wp-block-embed-vimeo wp-embed-aspect-16-9 wp-has-aspect-ratio\"><div class=\"wp-block-embed__wrapper\">\n<iframe loading=\"lazy\" title=\"Teaser GeOmEtRiE VaRiAbLe 2020-2021\" src=\"https:\/\/player.vimeo.com\/video\/520284572?h=0fdbbb9ea5&amp;dnt=1&amp;app_id=122963\" width=\"525\" height=\"295\" frameborder=\"0\" allow=\"autoplay; fullscreen; picture-in-picture\" allowfullscreen><\/iframe>\n<\/div><\/figure>\n\n\n\n<p><strong>Fabio CRESTALE<\/strong><br><a href=\"http:\/\/www.ifunamboli.com\/\"><em>Cie iFunamboli Paris<\/em><br><\/a>\u00ab\u00a0In\u00a7Out\u00a0\u00bb<br>Cr\u00e9ation<\/p>\n\n\n\n<figure class=\"wp-block-embed is-type-video is-provider-vimeo wp-block-embed-vimeo wp-embed-aspect-16-9 wp-has-aspect-ratio\"><div class=\"wp-block-embed__wrapper\">\n<iframe loading=\"lazy\" title=\"Teaser In&amp;amp;Out JBA 2020-2021\" src=\"https:\/\/player.vimeo.com\/video\/520287583?h=654bf709b6&amp;dnt=1&amp;app_id=122963\" width=\"525\" height=\"295\" frameborder=\"0\" allow=\"autoplay; fullscreen; picture-in-picture\" allowfullscreen><\/iframe>\n<\/div><\/figure>\n\n\n\n<p>Cr\u00e9ation lumi\u00e8res : Ramuntxo TONGES<\/p>\n","protected":false},"excerpt":{"rendered":"<p>Laura AREND&nbsp;Laboration Art Company L.A.C\u00ab\u00a0Parioscorpio\u00a0\u00bbCr\u00e9ation Christelle LARA\u00ab\u00a0G\u00e9om\u00e9trie Variable\u00a0\u00bbCr\u00e9ation Fabio CRESTALECie iFunamboli Paris\u00ab\u00a0In\u00a7Out\u00a0\u00bbCr\u00e9ation Cr\u00e9ation lumi\u00e8res : Ramuntxo TONGES<\/p>\n","protected":false},"author":1,"featured_media":1255,"parent":0,"menu_order":0,"comment_status":"closed","ping_status":"closed","template":"","meta":[],"_links":{"self":[{"href":"https:\/\/www.jeuneballetdaquitaine.com\/index.php?rest_route=\/wp\/v2\/pages\/1258"}],"collection":[{"href":"https:\/\/www.jeuneballetdaquitaine.com\/index.php?rest_route=\/wp\/v2\/pages"}],"about":[{"href":"https:\/\/www.jeuneballetdaquitaine.com\/index.php?rest_route=\/wp\/v2\/types\/page"}],"author":[{"embeddable":true,"href":"https:\/\/www.jeuneballetdaquitaine.com\/index.php?rest_route=\/wp\/v2\/users\/1"}],"replies":[{"embeddable":true,"href":"https:\/\/www.jeuneballetdaquitaine.com\/index.php?rest_route=%2Fwp%2Fv2%2Fcomments&post=1258"}],"version-history":[{"count":3,"href":"https:\/\/www.jeuneballetdaquitaine.com\/index.php?rest_route=\/wp\/v2\/pages\/1258\/revisions"}],"predecessor-version":[{"id":1305,"href":"https:\/\/www.jeuneballetdaquitaine.com\/index.php?rest_route=\/wp\/v2\/pages\/1258\/revisions\/1305"}],"wp:featuredmedia":[{"embeddable":true,"href":"https:\/\/www.jeuneballetdaquitaine.com\/index.php?rest_route=\/wp\/v2\/media\/1255"}],"wp:attachment":[{"href":"https:\/\/www.jeuneballetdaquitaine.com\/index.php?rest_route=%2Fwp%2Fv2%2Fmedia&parent=1258"}],"curies":[{"name":"wp","href":"https:\/\/api.w.org\/{rel}","templated":true}]}}